{"id":315,"date":"2018-08-07T09:06:36","date_gmt":"2018-08-07T09:06:36","guid":{"rendered":"http:\/\/localhost\/autoser\/?page_id=315"},"modified":"2023-02-10T07:42:02","modified_gmt":"2023-02-10T07:42:02","slug":"anasayfa","status":"publish","type":"page","link":"https:\/\/artanitim.com.tr\/en\/","title":{"rendered":"Home"},"content":{"rendered":"<p>[vc_row fullwidth=&#8221;yes&#8221;][vc_column][rev_slider_vc alias=&#8221;slider-1&#8243;][\/vc_column][\/vc_row][vc_row][vc_column][vc_empty_space]\n    <div class=\"wprt-headings style-1 clearfix text-center\">\n        <h2 class=\"heading\" >OUR SERVICES<\/h2>\n                    <div class=\"sep clearfix\"><\/div>\n        \n            <\/div>\n        \n[vc_single_image image=&#8221;2218&#8243; img_size=&#8221;full&#8221; alignment=&#8221;center&#8221;][\/vc_column][\/vc_row][vc_row css=&#8221;.vc_custom_1533636501715{padding-top: 83px !important;padding-bottom: 104px !important;background-color: #f7f7f7 !important;}&#8221;][vc_column][vc_empty_space]\n    <div class=\"wprt-headings style-1 clearfix text-center\">\n        <h2 class=\"heading\" >OUR PRODUCTS<\/h2>\n                    <div class=\"sep clearfix\"><\/div>\n        \n            <\/div>\n        \n[vc_empty_space][vc_row_inner][vc_column_inner width=&#8221;1\/3&#8243;][vc_single_image image=&#8221;1038&#8243; img_size=&#8221;64&#215;64&#8243; alignment=&#8221;center&#8221; onclick=&#8221;custom_link&#8221; link=&#8221;http:\/\/artanitim.com.tr\/hizmetlerimiz\/akaryakit-istasyonlari\/&#8221;][vc_custom_heading text=&#8221;Akaryak\u0131t \u0130stasyonlar\u0131&#8221; font_container=&#8221;tag:h2|font_size:20px|text_align:center&#8221; use_theme_fonts=&#8221;yes&#8221;][\/vc_column_inner][vc_column_inner width=&#8221;1\/3&#8243;][vc_single_image image=&#8221;1104&#8243; img_size=&#8221;64&#215;64&#8243; alignment=&#8221;center&#8221; onclick=&#8221;custom_link&#8221; link=&#8221;http:\/\/artanitim.com.tr\/hizmetlerimiz\/cephe-panolari\/&#8221;][vc_custom_heading text=&#8221;Cephe Panolar\u0131&#8221; font_container=&#8221;tag:h2|font_size:20px|text_align:center&#8221; use_theme_fonts=&#8221;yes&#8221;][\/vc_column_inner][vc_column_inner width=&#8221;1\/3&#8243;][vc_single_image image=&#8221;1105&#8243; img_size=&#8221;64&#215;64&#8243; alignment=&#8221;center&#8221; onclick=&#8221;custom_link&#8221; link=&#8221;http:\/\/artanitim.com.tr\/hizmetlerimiz\/cati-panolari\/&#8221;][vc_custom_heading text=&#8221;\u00c7at\u0131 Panolar\u0131&#8221; font_container=&#8221;tag:h2|font_size:20px|text_align:center&#8221; use_theme_fonts=&#8221;yes&#8221;][\/vc_column_inner][\/vc_row_inner][vc_empty_space][vc_row_inner][vc_column_inner width=&#8221;1\/3&#8243;][vc_single_image image=&#8221;1040&#8243; img_size=&#8221;64&#215;64&#8243; alignment=&#8221;center&#8221; onclick=&#8221;custom_link&#8221; link=&#8221;http:\/\/artanitim.com.tr\/hizmetlerimiz\/totemler-yolpanolari\/&#8221;][vc_custom_heading text=&#8221;Totemler \/ High Rise&#8221; font_container=&#8221;tag:h2|font_size:20px|text_align:center&#8221; use_theme_fonts=&#8221;yes&#8221;][\/vc_column_inner][vc_column_inner width=&#8221;1\/3&#8243;][vc_single_image image=&#8221;1106&#8243; img_size=&#8221;64&#215;64&#8243; alignment=&#8221;center&#8221; onclick=&#8221;custom_link&#8221; link=&#8221;http:\/\/artanitim.com.tr\/hizmetlerimiz\/pylon-kaide\/&#8221;][vc_custom_heading text=&#8221;Pylon \/ Kaide&#8221; font_container=&#8221;tag:h2|font_size:20px|text_align:center&#8221; use_theme_fonts=&#8221;yes&#8221;][\/vc_column_inner][vc_column_inner width=&#8221;1\/3&#8243;][vc_single_image image=&#8221;1037&#8243; img_size=&#8221;64&#215;64&#8243; alignment=&#8221;center&#8221; onclick=&#8221;custom_link&#8221; link=&#8221;http:\/\/artanitim.com.tr\/hizmetlerimiz\/stand-urunleri\/&#8221;][vc_custom_heading text=&#8221;Stand \/ Display \u00dcr\u00fcnler&#8221; font_container=&#8221;tag:h2|font_size:20px|text_align:center&#8221; use_theme_fonts=&#8221;yes&#8221;][\/vc_column_inner][\/vc_row_inner][vc_empty_space][vc_row_inner][vc_column_inner width=&#8221;1\/3&#8243;][vc_single_image image=&#8221;1107&#8243; img_size=&#8221;64&#215;64&#8243; alignment=&#8221;center&#8221; onclick=&#8221;custom_link&#8221; link=&#8221;https:\/\/artanitim.com.tr\/hizmetlerimiz\/mimari-ic-yonlendirmeler\/&#8221;][vc_custom_heading text=&#8221;Mimari \/ Tabela Y\u00f6nlendirmeler&#8221; font_container=&#8221;tag:h2|font_size:20px|text_align:center&#8221; use_theme_fonts=&#8221;yes&#8221;][\/vc_column_inner][vc_column_inner width=&#8221;1\/3&#8243;][vc_single_image image=&#8221;2139&#8243; img_size=&#8221;64&#215;64&#8243; alignment=&#8221;center&#8221; onclick=&#8221;custom_link&#8221; link=&#8221;http:\/\/artanitim.com.tr\/hizmetlerimiz\/arac-reklam-giydirme\/&#8221;][vc_custom_heading text=&#8221;Ara\u00e7 Reklam Giydirme&#8221; font_container=&#8221;tag:h2|font_size:20px|text_align:center&#8221; use_theme_fonts=&#8221;yes&#8221;][\/vc_column_inner][vc_column_inner width=&#8221;1\/3&#8243;][vc_single_image image=&#8221;1036&#8243; img_size=&#8221;64&#215;64&#8243; alignment=&#8221;center&#8221; onclick=&#8221;custom_link&#8221; link=&#8221;http:\/\/artanitim.com.tr\/hizmetlerimiz\/dijital-baski\/&#8221;][vc_custom_heading text=&#8221;Dijital Bask\u0131&#8221; font_container=&#8221;tag:h2|font_size:20px|text_align:center&#8221; use_theme_fonts=&#8221;yes&#8221;][\/vc_column_inner][\/vc_row_inner][\/vc_column][\/vc_row][vc_row][vc_column][vc_empty_space height=&#8221;62px&#8221;][\/vc_column][\/vc_row][vc_row][vc_column width=&#8221;1\/2&#8243;][vc_single_image image=&#8221;1100&#8243; img_size=&#8221;full&#8221; alignment=&#8221;center&#8221;][\/vc_column][vc_column width=&#8221;1\/2&#8243;][vc_single_image image=&#8221;1029&#8243; alignment=&#8221;center&#8221; css=&#8221;.vc_custom_1587918079645{padding-bottom: 20px !important;}&#8221;][vc_custom_heading text=&#8221;<strong>WE ARE IN GUINNESS WORLD RECORDS<\/strong>&#8221; font_container=&#8221;tag:h3|font_size:30px|text_align:left|color:%23000000&#8243; use_theme_fonts=&#8221;yes&#8221; css=&#8221;.vc_custom_1587918107669{margin-bottom: 8px !important;}&#8221;][vc_column_text]ARTANITIM D\u00fcnyan\u0131n En B\u00fcy\u00fck Al\u0131\u015fveri\u015f Arabas\u0131n\u0131 \u00dcreterek Bir \u0130lke \u0130mza Att\u0131 ve GUINNESS Yetkilelerince Yap\u0131lan \u0130nceleme \u0130le GUINNESS REKORLAR Kitab\u0131na Girdi.[\/vc_column_text][\/vc_column][\/vc_row][vc_row][vc_column][vc_empty_space][\/vc_column][\/vc_row]<\/p>","protected":false},"excerpt":{"rendered":"<p>[vc_row fullwidth=&#8221;yes&#8221;][vc_column][rev_slider_vc alias=&#8221;slider-1&#8243;][\/vc_column][\/vc_row][vc_row][vc_column][vc_empty_space][vc_single_image image=&#8221;2218&#8243; img_size=&#8221;full&#8221; alignment=&#8221;center&#8221;][\/vc_column][\/vc_row][vc_row css=&#8221;.vc_custom_1533636501715{padding-top: 83px !important;padding-bottom: 104px !important;background-color: #f7f7f7 !important;}&#8221;][vc_column][vc_empty_space][vc_empty_space][vc_row_inner][vc_column_inner width=&#8221;1\/3&#8243;][vc_single_image image=&#8221;1038&#8243; img_size=&#8221;64&#215;64&#8243; alignment=&#8221;center&#8221; onclick=&#8221;custom_link&#8221; link=&#8221;http:\/\/artanitim.com.tr\/hizmetlerimiz\/akaryakit-istasyonlari\/&#8221;][vc_custom_heading text=&#8221;Akaryak\u0131t \u0130stasyonlar\u0131&#8221; font_container=&#8221;tag:h2|font_size:20px|text_align:center&#8221; use_theme_fonts=&#8221;yes&#8221;][\/vc_column_inner][vc_column_inner width=&#8221;1\/3&#8243;][vc_single_image image=&#8221;1104&#8243; img_size=&#8221;64&#215;64&#8243; alignment=&#8221;center&#8221; onclick=&#8221;custom_link&#8221; link=&#8221;http:\/\/artanitim.com.tr\/hizmetlerimiz\/cephe-panolari\/&#8221;][vc_custom_heading text=&#8221;Cephe Panolar\u0131&#8221; font_container=&#8221;tag:h2|font_size:20px|text_align:center&#8221; use_theme_fonts=&#8221;yes&#8221;][\/vc_column_inner][vc_column_inner width=&#8221;1\/3&#8243;][vc_single_image image=&#8221;1105&#8243; img_size=&#8221;64&#215;64&#8243; alignment=&#8221;center&#8221; onclick=&#8221;custom_link&#8221; link=&#8221;http:\/\/artanitim.com.tr\/hizmetlerimiz\/cati-panolari\/&#8221;][vc_custom_heading text=&#8221;\u00c7at\u0131 Panolar\u0131&#8221; font_container=&#8221;tag:h2|font_size:20px|text_align:center&#8221; use_theme_fonts=&#8221;yes&#8221;][\/vc_column_inner][\/vc_row_inner][vc_empty_space][vc_row_inner][vc_column_inner width=&#8221;1\/3&#8243;][vc_single_image image=&#8221;1040&#8243; img_size=&#8221;64&#215;64&#8243; alignment=&#8221;center&#8221; onclick=&#8221;custom_link&#8221; link=&#8221;http:\/\/artanitim.com.tr\/hizmetlerimiz\/totemler-yolpanolari\/&#8221;][vc_custom_heading text=&#8221;Totemler \/ High Rise&#8221; font_container=&#8221;tag:h2|font_size:20px|text_align:center&#8221; use_theme_fonts=&#8221;yes&#8221;][\/vc_column_inner][vc_column_inner [&hellip;]<\/p>","protected":false},"author":1,"featured_media":0,"parent":0,"menu_order":0,"comment_status":"closed","ping_status":"closed","template":"page-templates\/template-canvas.php","meta":[],"_links":{"self":[{"href":"https:\/\/artanitim.com.tr\/en\/wp-json\/wp\/v2\/pages\/315"}],"collection":[{"href":"https:\/\/artanitim.com.tr\/en\/wp-json\/wp\/v2\/pages"}],"about":[{"href":"https:\/\/artanitim.com.tr\/en\/wp-json\/wp\/v2\/types\/page"}],"author":[{"embeddable":true,"href":"https:\/\/artanitim.com.tr\/en\/wp-json\/wp\/v2\/users\/1"}],"replies":[{"embeddable":true,"href":"https:\/\/artanitim.com.tr\/en\/wp-json\/wp\/v2\/comments?post=315"}],"version-history":[{"count":40,"href":"https:\/\/artanitim.com.tr\/en\/wp-json\/wp\/v2\/pages\/315\/revisions"}],"predecessor-version":[{"id":2451,"href":"https:\/\/artanitim.com.tr\/en\/wp-json\/wp\/v2\/pages\/315\/revisions\/2451"}],"wp:attachment":[{"href":"https:\/\/artanitim.com.tr\/en\/wp-json\/wp\/v2\/media?parent=315"}],"curies":[{"name":"wp","href":"https:\/\/api.w.org\/{rel}","templated":true}]}}