{"id":2407,"date":"2022-01-18T09:15:05","date_gmt":"2022-01-18T09:15:05","guid":{"rendered":"https:\/\/artanitim.com.tr\/?page_id=2407"},"modified":"2022-01-18T09:15:05","modified_gmt":"2022-01-18T09:15:05","slug":"kisisel-verilerin-korunmasi","status":"publish","type":"page","link":"https:\/\/artanitim.com.tr\/en\/kisisel-verilerin-korunmasi\/","title":{"rendered":"Ki\u015fisel Verilerin Korunmas\u0131"},"content":{"rendered":"<p>[vc_row][vc_column][vc_column_text]<\/p>\n<div class=\"page\" title=\"Page 4\">\n<div class=\"section\">\n<div class=\"layoutArea\">\n<div class=\"column\">\n<p>AR TANITIM PAZARLAMA SAN. ve TI\u0307C. LTD. S\u0327TI\u0307. olarak mu\u0308s\u0327terilerimizin, tedarikc\u0327ilerimizin , c\u0327al\u0131s\u0327anlar\u0131m\u0131z\u0131n ve c\u0327al\u0131s\u0327an adaylar\u0131m\u0131z\u0131n kis\u0327isel verilerine ilis\u0327kin gizlilig\u0306in korunmas\u0131, bilgi gu\u0308venlig\u0306inin sag\u0306lanmas\u0131 ve korunmas\u0131 o\u0308ncelikli prensiplerimiz aras\u0131nda yer almaktad\u0131r.<\/p>\n<p>Kis\u0327isel Verilerin Korunmas\u0131 Hakk\u0131nda Ayd\u0131nlatma<\/p>\n<p>6698 say\u0131l\u0131 Kis\u0327isel Verilerin Korunmas\u0131 Kanunu (\u201cKanun\u201d olarak an\u0131lacakt\u0131r) kapsam\u0131nda firmam\u0131z ile paylas\u0327m\u0131s\u0327 oldug\u0306unuz kis\u0327isel verileriniz (o\u0308g\u0306renim bilgileriniz, c\u0327al\u0131s\u0327ma ve sosyal hayat\u0131n\u0131za ilis\u0327kin bilgiler, mali durumunuz) ile o\u0308zel nitelikli kis\u0327isel verileriniz (sendika\/dernek\/vak\u0131f u\u0308yeliklerine ilis\u0327kin bilgiler, ceza mahkumiyeti, medeni haliniz, cinsel hayat, biyometrik veri ve sag\u0306l\u0131k durumunuza ilis\u0327kin bilgiler) firmam\u0131z taraf\u0131ndan Kanun\u2019a uygun s\u0327ekilde saklanacak, kaydedilecek, gu\u0308ncellenecek, mevzuat\u0131n izin verdig\u0306i durumlarda 3. kis\u0327ilere ac\u0327\u0131klanabilecek \/ devredilebilecek, s\u0131n\u0131fland\u0131r\u0131labilecek ve Kanun\u2019da say\u0131lan s\u0327ekillerde is\u0327lenebilecektir.<\/p>\n<\/div>\n<\/div>\n<\/div>\n<\/div>\n<div class=\"page\" title=\"Page 5\">\n<div class=\"section\">\n<div class=\"layoutArea\">\n<div class=\"column\">\n<p>Kis\u0327isel Veri Aktar\u0131m ve Amac\u0327lar\u0131<\/p>\n<p>I\u0307s\u0327lenen kis\u0327isel verileriniz KVKK Md.28\/1 c\u0327erc\u0327evesinde talep edilmesi halinde ayd\u0131nlatma yu\u0308ku\u0308mlu\u0308lu\u0308g\u0306u\u0308 olmadan ve ac\u0327\u0131k r\u0131zan\u0131z aranmadan ilgili makamlara aktar\u0131labilir.<\/p>\n<p>Bunun d\u0131s\u0327\u0131nda o\u0308ngo\u0308ru\u0308lemeyen durumlarda da kis\u0327isel verileriniz kanunlarda ac\u0327\u0131kc\u0327a belirtilmis\u0327 durumlarda talep edilmesi halinde kanunlarda belirtilen kamu kurumlar\u0131na (bakanl\u0131klar, Cumhurbas\u0327kanl\u0131g\u0306\u0131 kurullar\u0131 gibi idari makamlara) kanunda o\u0308ngo\u0308ru\u0308len amac\u0327 ve s\u0131n\u0131rlamalar dahilinde aktar\u0131labilir. Bu as\u0327amada o\u0308ngo\u0308ru\u0308lebilir bo\u0308yle bir durumun olmamas\u0131 sebebiyle bilgi verilememektedir. Bunun gerc\u0327ekles\u0327mesi durumunda taraf\u0131n\u0131z ayr\u0131ca o\u0308nceden bilgilendirilecektir.<\/p>\n<p>Ayr\u0131ca, so\u0308zles\u0327me gereksinimleri, sunulan hizmetin tam, dog\u0306ru ve zaman\u0131nda yap\u0131labilmesi, talep ve s\u0327ikayetlerin kars\u0327\u0131lanabilmesi, sekto\u0308r AR TANITIM PAZARLAMA SAN. ve TI\u0307C. LTD. S\u0327TI\u0307. is\u0327tirakleri ve hizmet sag\u0306lay\u0131c\u0131lar\u0131 (is\u0327 ortag\u0306\u0131) ile paylas\u0327\u0131lmaktad\u0131r.<\/p>\n<p>Kis\u0327isel verileriniz, ayd\u0131nlatma yu\u0308ku\u0308mlu\u0308lu\u0308g\u0306u\u0308 olmayan ve ac\u0327\u0131k r\u0131zan\u0131z\u0131 gerektirmeyen yasal yu\u0308ku\u0308mlu\u0308lu\u0308klerimiz d\u0131s\u0327\u0131nda herhangi bir gerc\u0327ek ve tu\u0308zel kis\u0327i ve kurum ve kurulus\u0327a aktar\u0131lmamaktad\u0131r<\/p>\n<\/div>\n<\/div>\n<\/div>\n<\/div>\n<div class=\"page\" title=\"Page 6\">\n<div class=\"section\">\n<div class=\"layoutArea\">\n<div class=\"column\">\n<p>Veri Sahibi Olarak Haklar\u0131n\u0131z\u200b:<\/p>\n<\/div>\n<\/div>\n<div class=\"layoutArea\">\n<div class=\"column\">\n<p>Kis\u0327isel Verilerinizin is\u0327lenmesi ile ilgili olarak veri sorumlusu s\u0131fat\u0131yla AR TANITIM PAZARLAMA SAN. ve TI\u0307C. LTD. S\u0327TI\u0307.\u2019ne bas\u0327vurarak:<br \/>\na. Kis\u0327isel verinizin is\u0327lenip is\u0327lenmedig\u0306ini o\u0308g\u0306renme,<br \/>\nb. Kis\u0327isel veriniz is\u0327lenmis\u0327se buna ilis\u0327kin bilgi talep etme,<\/p>\n<p>c. Kis\u0327isel verilerinizin is\u0327lenme amac\u0131n\u0131 ve bunlar\u0131n amac\u0131na uygun kullan\u0131l\u0131p kullan\u0131lmad\u0131g\u0306\u0131n\u0131 o\u0308g\u0306renme, c\u0327. Yurt ic\u0327inde veya yurt d\u0131s\u0327\u0131nda kis\u0327isel verilerinizin aktar\u0131ld\u0131g\u0306\u0131 u\u0308c\u0327u\u0308ncu\u0308 kis\u0327ileri bilme,<br \/>\nd. Kis\u0327isel verileriniz eksik veya yanl\u0131s\u0327 is\u0327lenmis\u0327 olmas\u0131 ha\u0302linde bunlar\u0131n du\u0308zeltilmesini isteme,<br \/>\ne. Kanunu\u2019n 7. Maddesinde o\u0308ngo\u0308ru\u0308len s\u0327artlar c\u0327erc\u0327evesinde kis\u0327isel verilerin silinmesini veya yok edilmesini isteme,<\/p>\n<p>f. (d) ve (e) bentleri uyar\u0131nca yap\u0131lan is\u0327lemlerin, kis\u0327isel verilerin aktar\u0131ld\u0131g\u0306\u0131 u\u0308c\u0327u\u0308ncu\u0308 kis\u0327ilerin bildirilmesini isteme,<br \/>\ng. I\u0307s\u0327lenen verilerin mu\u0308nhas\u0131ran otomatik sistemler vas\u0131tas\u0131yla analiz edilmesi suretiyle kis\u0327inin kendisi aleyhine bir sonucun ortaya c\u0327\u0131kmas\u0131na itiraz etme, ve<\/p>\n<p>g\u0306. Kis\u0327isel verilerinizin Kanun\u2019a ayk\u0131r\u0131 olarak is\u0327lenmesi sebebiyle zarara ug\u0306ramas\u0131 ha\u0302linde zarar\u0131n giderilmesini talep etme, haklar\u0131na sahip oldug\u0306unuzu bilgilerinize sunar\u0131z.<\/p>\n<p>Kis\u0327isel Verilerinizin is\u0327lenmesi ile ilgili talep ve s\u0327ikayetlerinizi kvkk@artanitim.com.tr veya<br \/>\n0 (216) 642 54 00 numaral\u0131 telefonundan veya Ayd\u0131nl\u0131 \u2013 I\u0307stanbul AYOSB Mah. 1 Sk. I\u0307stanbul Anadolu Yakas\u0131 OSB No: 12 \u2013 I\u0307c\u0327 Kap\u0131 No Tuzla \/ I\u0307stanbul adresinden bildirebilirsiniz.<\/p>\n<\/div>\n<\/div>\n<\/div>\n<\/div>\n<p>[\/vc_column_text][\/vc_column][\/vc_row]<\/p>","protected":false},"excerpt":{"rendered":"<p>[vc_row][vc_column][vc_column_text] AR TANITIM PAZARLAMA SAN. ve TI\u0307C. LTD. S\u0327TI\u0307. olarak mu\u0308s\u0327terilerimizin, tedarikc\u0327ilerimizin , c\u0327al\u0131s\u0327anlar\u0131m\u0131z\u0131n ve c\u0327al\u0131s\u0327an adaylar\u0131m\u0131z\u0131n kis\u0327isel verilerine ilis\u0327kin gizlilig\u0306in korunmas\u0131, bilgi gu\u0308venlig\u0306inin sag\u0306lanmas\u0131 ve korunmas\u0131 o\u0308ncelikli prensiplerimiz aras\u0131nda yer almaktad\u0131r. Kis\u0327isel Verilerin Korunmas\u0131 Hakk\u0131nda Ayd\u0131nlatma 6698 say\u0131l\u0131 Kis\u0327isel Verilerin Korunmas\u0131 Kanunu (\u201cKanun\u201d olarak an\u0131lacakt\u0131r) kapsam\u0131nda firmam\u0131z ile paylas\u0327m\u0131s\u0327 oldug\u0306unuz kis\u0327isel verileriniz (o\u0308g\u0306renim bilgileriniz, [&hellip;]<\/p>","protected":false},"author":1,"featured_media":0,"parent":0,"menu_order":0,"comment_status":"closed","ping_status":"closed","template":"","meta":[],"_links":{"self":[{"href":"https:\/\/artanitim.com.tr\/en\/wp-json\/wp\/v2\/pages\/2407"}],"collection":[{"href":"https:\/\/artanitim.com.tr\/en\/wp-json\/wp\/v2\/pages"}],"about":[{"href":"https:\/\/artanitim.com.tr\/en\/wp-json\/wp\/v2\/types\/page"}],"author":[{"embeddable":true,"href":"https:\/\/artanitim.com.tr\/en\/wp-json\/wp\/v2\/users\/1"}],"replies":[{"embeddable":true,"href":"https:\/\/artanitim.com.tr\/en\/wp-json\/wp\/v2\/comments?post=2407"}],"version-history":[{"count":1,"href":"https:\/\/artanitim.com.tr\/en\/wp-json\/wp\/v2\/pages\/2407\/revisions"}],"predecessor-version":[{"id":2408,"href":"https:\/\/artanitim.com.tr\/en\/wp-json\/wp\/v2\/pages\/2407\/revisions\/2408"}],"wp:attachment":[{"href":"https:\/\/artanitim.com.tr\/en\/wp-json\/wp\/v2\/media?parent=2407"}],"curies":[{"name":"wp","href":"https:\/\/api.w.org\/{rel}","templated":true}]}}