{"id":2403,"date":"2022-01-18T09:03:59","date_gmt":"2022-01-18T09:03:59","guid":{"rendered":"https:\/\/artanitim.com.tr\/?page_id=2403"},"modified":"2022-01-18T09:03:59","modified_gmt":"2022-01-18T09:03:59","slug":"cerez-politikasi","status":"publish","type":"page","link":"https:\/\/artanitim.com.tr\/en\/cerez-politikasi\/","title":{"rendered":"\u00c7erez Politikas\u0131"},"content":{"rendered":"<p>[vc_row][vc_column][vc_column_text]<\/p>\n<div class=\"page\" title=\"Page 1\">\n<div class=\"layoutArea\">\n<div class=\"column\">\n<p>Ar Tan\u0131t\u0131m Pazarlama San. ve Tic. Ltd. S\u0327ti. olarak web sitelerimizi ziyaretleriniz s\u0131ras\u0131nda deneyiminizi gelis\u0327tirmek ic\u0327in c\u0327erezlerden faydalan\u0131yoruz. Bu teknolojilerin kullan\u0131m\u0131 bas\u0327ta 6698 say\u0131l\u0131 Kis\u0327isel Verilerin Korunmas\u0131 Kanunu (\u201cKVK Kanunu\u201d) olmak u\u0308zere tabi oldug\u0306umuz mevzuata uygun s\u0327ekilde gerc\u0327ekles\u0327tirilmektedir. Kis\u0327isel verilerinizin S\u0327irketimiz taraf\u0131ndan is\u0327lenmesi hakk\u0131nda daha detayl\u0131 bilgi almak ic\u0327in www.artanitim.com.tr adresinde yer alan \u201cKis\u0327isel Verilerin Korunmas\u0131\u201d ic\u0327erig\u0306iniokuman\u0131z\u0131 tavsiye ederiz.<\/p>\n<p>C\u0327erez Nedir?<\/p>\n<p>C\u0327erez, size daha h\u0131zl\u0131 ve gu\u0308venli bir deneyim sag\u0306lamak amac\u0131yla internet sitelerinin bilgisayar\u0131n\u0131za b\u0131rakt\u0131g\u0306\u0131 tan\u0131mlama dosyalar\u0131d\u0131r. Sitemizi tekrar ziyaret ettig\u0306inizde bilgisayar\u0131n\u0131z\u0131 tan\u0131mam\u0131z\u0131, ihtiyac\u0327lar\u0131n\u0131za uygun ve size o\u0308zel hizmetleri daha c\u0327abuk sunmam\u0131z\u0131 sag\u0306larlar.<\/p>\n<p>Neden C\u0327erez Kullan\u0131yoruz?<\/p>\n<ul>\n<li>I\u0307nternet sitemiz u\u0308zerinde daha sonraki ziyaretlerinizde kullan\u0131c\u0131 deneyimlerini iyiles\u0327tirmek,<\/li>\n<li>I\u0307nternet sitemizin fonksiyonlar\u0131n\u0131 iyiles\u0327tirmemize yard\u0131mc\u0131 olacak analizleri ve istatistikleriolus\u0327turmak,<\/li>\n<li>Hesaplama arac\u0327lar\u0131na girilen bilgileri kay\u0131t alt\u0131nda tutmak,<\/li>\n<li>Kullan\u0131m al\u0131s\u0327kanl\u0131klar\u0131n\u0131z c\u0327erc\u0327evesi de s\u0327irketimiz u\u0308ru\u0308n ve hizmetlerimizi tercihlerinize uygunolacak s\u0327ekilde sizlere sunabilmek, internet sitemizi kis\u0327iselles\u0327tirebilmek,<\/li>\n<li>Daha etkin pazarlama faaliyetleri gerc\u0327ekles\u0327tirmek amac\u0131yla c\u0327erez kullan\u0131yoruz.I\u0307nternet sitemizde \u201cGec\u0327ici C\u0327erezler\u201d ve \u201cKal\u0131c\u0131 C\u0327erezler\u201d olmak u\u0308zere iki tu\u0308r c\u0327erez kullan\u0131lmaktad\u0131r.\n<p>Gec\u0327ici c\u0327erezler sitemizde gec\u0327irdig\u0306iniz su\u0308re boyunca aktif olurlar ve internet sitesinden ayr\u0131ld\u0131g\u0306\u0131n\u0131zda bilgisayar\u0131n\u0131zdan silinirler.<\/p>\n<p>Kal\u0131c\u0131 c\u0327erezler ise internet sitemizi ziyaret ettig\u0306inizde olus\u0327turulur, siz silinceye veya su\u0308releri doluncaya kadar sabit diskinizde kal\u0131rlar. Kal\u0131c\u0131 c\u0327erezler size ayarlar\u0131n\u0131z ile uyumlu kis\u0327iselles\u0327tirilmis\u0327 bir deneyim sunmam\u0131z ic\u0327in yard\u0131mc\u0131 olurlar.<\/p>\n<p>Kal\u0131c\u0131 ve Gec\u0327ici C\u0327erezler bilgisayar\u0131n\u0131zda veya dosyalar\u0131n\u0131zda depolanan kis\u0327isel verileriniz de dahil olmak u\u0308zere kullan\u0131c\u0131lara ait gizli bilgileri toplamazlar.<\/p>\n<p>Gec\u0327ici C\u0327erezleri Nerelerde Kullan\u0131yoruz?<\/p>\n<p>Gec\u0327ici c\u0327erezleri; \u201cEg\u0306itim Teklifi\u201d ve \u201cEg\u0306itim Detay\u201d sayfalar\u0131nda, sizin otomatik bir yaz\u0131l\u0131m deg\u0306il gerc\u0327ek bir insan oldug\u0306unuzu dog\u0306rulamak ic\u0327in kullan\u0131lan \u201cCaptcha\u201d resmi uygulamas\u0131nda ve \u201cTeklif Hesaplama\u201d uygulamas\u0131nda kullan\u0131yoruz.<\/p>\n<p>Kal\u0131c\u0131 C\u0327erezleri Nerelerde Kullan\u0131yoruz?<\/p>\n<p>Kal\u0131c\u0131 C\u0327erezleri; hesaplama arac\u0327lar\u0131nda, kis\u0327isel verilerde, son gezilen sayfalarda, bannerlarda, \u201cTeklif Talep\u201d sayfas\u0131nda bulunan il ve ilc\u0327e tan\u0131mlamalar\u0131nda ve \u201cSurvey\u201d alan\u0131nda ankete kat\u0131lanlar ic\u0327in kullan\u0131yoruz.<\/li>\n<\/ul>\n<\/div>\n<\/div>\n<\/div>\n<div class=\"page\" title=\"Page 2\">\n<div class=\"layoutArea\">\n<div class=\"column\">\n<p>Kulland\u0131g\u0306\u0131m\u0131z C\u0327erez Tu\u0308rleri ve Ac\u0327\u0131klamalar\u0131<\/p>\n<\/div>\n<\/div>\n<div class=\"layoutArea\">\n<div class=\"column\">\n<p>Oturum C\u0327erezleri<\/p>\n<p>I\u0307nternet sayfalar\u0131 aras\u0131nda bilgi tas\u0327\u0131nmas\u0131 ve kullan\u0131c\u0131 taraf\u0131ndan girilen bilgilerin sistemsel olarak hat\u0131rlanmas\u0131 gibi c\u0327es\u0327itli o\u0308zelliklerden faydalanmaya olanak sag\u0306layan c\u0327erezlerdir ve internet sitesine ait fonksiyonlar\u0131n du\u0308zgu\u0308n bir s\u0327ekilde is\u0327leyebilmesi ic\u0327in gereklidir.<\/p>\n<p>Performans C\u0327erezleri<\/p>\n<p>Sayfalar\u0131n ziyaret edilme frekans\u0131, olas\u0131 hata iletileri, kullan\u0131c\u0131lar\u0131n ilgili sayfada harcad\u0131klar\u0131 toplam zaman ile birlikte siteyi kullan\u0131m desenleri konular\u0131nda bilgi toplayan c\u0327erezlerdir. I\u0307nternet sitesinin performans\u0131n\u0131 art\u0131rma amac\u0131yla kullan\u0131lmaktad\u0131r.<\/p>\n<p>Fonksiyonel C\u0327erezler<\/p>\n<p>Kullan\u0131c\u0131ya kolayl\u0131k sag\u0306lanmas\u0131 amac\u0131yla o\u0308nceden sec\u0327ili olan sec\u0327eneklerin hat\u0131rlat\u0131lmas\u0131n\u0131 sag\u0306layan c\u0327erezlerdir. Kullan\u0131c\u0131lara gelis\u0327mis\u0327 internet o\u0308zellikleri sag\u0306lanmas\u0131n\u0131 hedeflemektedir.<\/p>\n<p>Operasyonel Amac\u0327l\u0131 C\u0327erezler<\/p>\n<p>Sistemlerinin idaresi ve gu\u0308venlig\u0306inin sag\u0306lanmas\u0131 amac\u0131yla, bu sitedeki fonksiyonlardan yararlanmay\u0131 sag\u0306layan veyahut du\u0308zensiz davran\u0131s\u0327lar\u0131 tespit eden c\u0327erezlerdir.<\/p>\n<p>Reklam ve U\u0308c\u0327u\u0308ncu\u0308 Taraf C\u0327erezleri<\/p>\n<p>U\u0308c\u0327u\u0308ncu\u0308 parti tedarikc\u0327ilere ait c\u0327erezlerdir. I\u0307nternet sitesindeki baz\u0131 fonksiyonlar\u0131n kullan\u0131m\u0131na ve reklam takibinin yap\u0131lmas\u0131na olanak sag\u0306lamaktad\u0131r<\/p>\n<p>C\u0327erezlerin Kullan\u0131m\u0131n\u0131 Nas\u0131l Kontrol Edebilirsiniz?<\/p>\n<p>Ar Tan\u0131t\u0131m Pazarlama San. ve Tic. Ltd. S\u0327ti. kulland\u0131g\u0306\u0131 c\u0327erezlerde mu\u0308s\u0327terilerine, kullan\u0131c\u0131lar\u0131na ait gizli bilgileri saklamaz. I\u0307nternet taray\u0131c\u0131lar\u0131, c\u0327erezleri otomatik olarak kabul edecek s\u0327ekilde o\u0308n tan\u0131ml\u0131d\u0131r. Ancak c\u0327erezleri diledig\u0306iniz gibi kontrol edebilir veya silebilirsiniz.<\/p>\n<p>C\u0327erezleri yo\u0308netmek taray\u0131c\u0131dan taray\u0131c\u0131ya farkl\u0131l\u0131k go\u0308sterir. C\u0327erezlerin bilgisayar\u0131n\u0131zda saklanmas\u0131n\u0131 istemiyorsan\u0131z taray\u0131c\u0131n\u0131z\u0131n ayarlar k\u0131sm\u0131ndan c\u0327erez kullan\u0131m tercihlerinizi deg\u0306is\u0327tirebilirsiniz. C\u0327erez yo\u0308netim ayarlar\u0131 taray\u0131c\u0131dan taray\u0131c\u0131ya farkl\u0131l\u0131k go\u0308stermekte ve modern taray\u0131c\u0131lar\u0131n yard\u0131m menu\u0308leri alt\u0131nda c\u0327erezlere ilis\u0327kin detayl\u0131 bilgiler yer almaktad\u0131r.<\/p>\n<p>C\u0327erezlerinizi yo\u0308netmek ic\u0327in as\u0327ag\u0306\u0131daki linkleri kullanabilirsiniz. C\u0327erezleri tamamen engellemeyi tercih ederseniz Ar Tan\u0131t\u0131m Pazarlama San. ve Tic. Ltd. S\u0327ti. ait internet siteleri du\u0308zgu\u0308n c\u0327al\u0131s\u0327mayabilir ya da size o\u0308zel f\u0131rsatlar\u0131 go\u0308remeyebilirsiniz.<\/p>\n<\/div>\n<\/div>\n<\/div>\n<div class=\"page\" title=\"Page 3\">\n<div class=\"layoutArea\">\n<div class=\"column\">\n<p>Adobe Analytics<\/p>\n<p>AOL<\/p>\n<p>Countly<\/p>\n<p>Google Adwords<\/p>\n<p>Google Analytics<\/p>\n<p>Google Chrome<\/p>\n<p>Internet Explorer MozillaFirefox<\/p>\n<p>Opera SMPL.<\/p>\n<ul>\n<li>Ar Tan\u0131t\u0131m Pazarlama San. ve Tic. Ltd. S\u0327ti. gerekli go\u0308rdu\u0308g\u0306u\u0308 durumlarda, kulland\u0131g\u0306\u0131 c\u0327erezleri kullanmaktan vazgec\u0327ebilir, bunlar\u0131n tu\u0308rlerini veya fonksiyonlar\u0131n\u0131 deg\u0306is\u0327tirebilir veya internet sitesine yeni c\u0327erezler ekleyebilir.<\/li>\n<li>Ar Tan\u0131t\u0131m Pazarlama San. ve Tic. Ltd. S\u0327ti.\u2019nin c\u0327erez kullan\u0131m\u0131nda yapacag\u0306\u0131 deg\u0306is\u0327iklikler C\u0327erez Politikas\u0131na yans\u0131t\u0131lacakt\u0131r. C\u0327erez Politikas\u0131n\u0131 belirli zamanlarda inceleyerek, c\u0327erez kullan\u0131m\u0131 ile ilgili bilgi edinmenizi tavsiye ederiz.<\/li>\n<li>Ar Tan\u0131t\u0131m Pazarlama San. ve Tic. Ltd. S\u0327ti. c\u0327erezleri Gizlilik Politikas\u0131 kapsam\u0131nda kullanmaktad\u0131r ve gerekli durumlarda C\u0327erez Politikas\u0131n\u0131 deg\u0306is\u0327tirme hakk\u0131n\u0131 sakl\u0131 tutar.Veri Sahibi Olarak Haklar\u0131n\u0131z Nelerdir?\n<p>KVK Kanunu\u2019nun 11. maddesi uyar\u0131nca veri sahipleri;<\/li>\n<\/ul>\n<ul>\n<li>Kis\u0327isel veri is\u0327lenip is\u0327lenmedig\u0306ini o\u0308g\u0306renme,<\/li>\n<li>Kis\u0327isel verileri is\u0327lenmis\u0327se buna ilis\u0327kin bilgi talep etme,<\/li>\n<li>Kis\u0327isel verilerin is\u0327lenme amac\u0131n\u0131 ve bunlar\u0131n amac\u0131na uygun kullan\u0131l\u0131p kullan\u0131lmad\u0131g\u0306\u0131n\u0131o\u0308g\u0306renme,<\/li>\n<li>Yurt ic\u0327inde veya yurt d\u0131s\u0327\u0131nda kis\u0327isel verilerin aktar\u0131ld\u0131g\u0306\u0131 u\u0308c\u0327u\u0308ncu\u0308 kis\u0327ileri bilme,<\/li>\n<li>Kis\u0327isel verilerin eksik veya yanl\u0131s\u0327 is\u0327lenmis\u0327 olmas\u0131 ha\u0302linde bunlar\u0131n du\u0308zeltilmesini isteme ve bukapsamda yap\u0131lan is\u0327lemin kis\u0327isel verilerin aktar\u0131ld\u0131g\u0306\u0131 u\u0308c\u0327u\u0308ncu\u0308 kis\u0327ilere bildirilmesini isteme,<\/li>\n<li>KVK Kanunu ve ilgili dig\u0306er kanun hu\u0308ku\u0308mlerine uygun olarak is\u0327lenmis\u0327 olmas\u0131na rag\u0306men,is\u0327lenmesini gerektiren sebeplerin ortadan kalkmas\u0131 ha\u0302linde kis\u0327isel verilerin silinmesini veya yok edilmesini isteme ve bu kapsamda yap\u0131lan is\u0327lemin kis\u0327isel verilerin aktar\u0131ld\u0131g\u0306\u0131 u\u0308c\u0327u\u0308ncu\u0308 kis\u0327ilere bildirilmesini isteme,<\/li>\n<li>I\u0307s\u0327lenen verilerin mu\u0308nhas\u0131ran otomatik sistemler vas\u0131tas\u0131yla analiz edilmesi suretiyle kis\u0327inin kendisi aleyhine bir sonucun ortaya c\u0327\u0131kmas\u0131na itiraz etme,<\/li>\n<li>Kis\u0327isel verilerin kanuna ayk\u0131r\u0131 olarak is\u0327lenmesi sebebiyle zarara ug\u0306ramas\u0131 ha\u0302linde zarar\u0131n giderilmesini talep etme haklar\u0131na sahiptir.<\/li>\n<\/ul>\n<\/div>\n<\/div>\n<div class=\"layoutArea\">\n<div class=\"column\">\n<p>http:\/\/www.adobe.com\/uk\/privacy\/opt-out.html Bu bag\u0306lant\u0131 yeni sekmede ac\u0327\u0131lacak.<\/p>\n<p>https:\/\/help.aol.com\/articles\/restore-security-settings-and-enable-cookie-settings-on- browser Bu bag\u0306lant\u0131 yeni sekmede ac\u0327\u0131lacak.<br \/>\nhttp:\/\/count.ly\/legal\/cookie-policy Bu bag\u0306lant\u0131 yeni sekmede ac\u0327\u0131lacak. https:\/\/support.google.com\/ads\/answer\/2662922?hl=en Bu bag\u0306lant\u0131 yeni sekmede ac\u0327\u0131lacak.<\/p>\n<p>https:\/\/tools.google.com\/dlpage\/gaoptout Bu bag\u0306lant\u0131 yeni sekmede ac\u0327\u0131lacak. http:\/\/www.google.com\/support\/chrome\/bin\/answer.py?hl=en&amp;answer=95647 Bu<\/p>\n<p>bag\u0306lant\u0131 yeni sekmede ac\u0327\u0131lacak.<\/p>\n<p>https:\/\/support.microsoft.com\/en-us\/help\/17442\/windows-internet-explorer-delete- manage-cookies Bu bag\u0306lant\u0131 yeni sekmede ac\u0327\u0131lacak. http:\/\/support.mozilla.com\/en-US\/kb\/Cookies Bu bag\u0306lant\u0131 yeni sekmede ac\u0327\u0131lacak. http:\/\/www.opera.com\/browser\/tutorials\/security\/privacy\/ Bu bag\u0306lant\u0131 yeni sekmede ac\u0327\u0131lacak.<\/p>\n<\/div>\n<\/div>\n<div class=\"layoutArea\">\n<div class=\"column\">\n<p>https:\/\/www.hellosmpl.com\/privacy-policy\/ Bu bag\u0306lant\u0131 yeni sekmede ac\u0327\u0131lacak. Ar Tan\u0131t\u0131m Pazarlama San. ve Tic. Ltd. S\u0327ti. C\u0327erez Politikas\u0131 ile I\u0307lgili O\u0308nemli Hat\u0131rlatmalar<\/p>\n<\/div>\n<\/div>\n<\/div>\n<div class=\"page\" title=\"Page 4\">\n<div class=\"layoutArea\">\n<div class=\"column\">\n<p>So\u0308z konusu haklar\u0131n\u0131za ilis\u0327kin taleplerinizi kvkk@artanitim.com.tr mail adresinden 0 (216) 642 54 00 numaral\u0131 I\u0307letis\u0327im Merkezimizi arayarak veya s\u0327ubelerimizden iletmeniz halinde bas\u0327vurular\u0131n\u0131z en k\u0131sasu\u0308rede ve en gec\u0327 30 (otuz) gu\u0308n ic\u0327erisinde deg\u0306erlendirilerek sonuc\u0327land\u0131r\u0131lacakt\u0131r.<\/p>\n<\/div>\n<\/div>\n<\/div>\n<p>[\/vc_column_text][\/vc_column][\/vc_row]<\/p>","protected":false},"excerpt":{"rendered":"<p>[vc_row][vc_column][vc_column_text] Ar Tan\u0131t\u0131m Pazarlama San. ve Tic. Ltd. S\u0327ti. olarak web sitelerimizi ziyaretleriniz s\u0131ras\u0131nda deneyiminizi gelis\u0327tirmek ic\u0327in c\u0327erezlerden faydalan\u0131yoruz. Bu teknolojilerin kullan\u0131m\u0131 bas\u0327ta 6698 say\u0131l\u0131 Kis\u0327isel Verilerin Korunmas\u0131 Kanunu (\u201cKVK Kanunu\u201d) olmak u\u0308zere tabi oldug\u0306umuz mevzuata uygun s\u0327ekilde gerc\u0327ekles\u0327tirilmektedir. Kis\u0327isel verilerinizin S\u0327irketimiz taraf\u0131ndan is\u0327lenmesi hakk\u0131nda daha detayl\u0131 bilgi almak ic\u0327in www.artanitim.com.tr adresinde yer alan \u201cKis\u0327isel [&hellip;]<\/p>","protected":false},"author":1,"featured_media":0,"parent":0,"menu_order":0,"comment_status":"closed","ping_status":"closed","template":"","meta":[],"_links":{"self":[{"href":"https:\/\/artanitim.com.tr\/en\/wp-json\/wp\/v2\/pages\/2403"}],"collection":[{"href":"https:\/\/artanitim.com.tr\/en\/wp-json\/wp\/v2\/pages"}],"about":[{"href":"https:\/\/artanitim.com.tr\/en\/wp-json\/wp\/v2\/types\/page"}],"author":[{"embeddable":true,"href":"https:\/\/artanitim.com.tr\/en\/wp-json\/wp\/v2\/users\/1"}],"replies":[{"embeddable":true,"href":"https:\/\/artanitim.com.tr\/en\/wp-json\/wp\/v2\/comments?post=2403"}],"version-history":[{"count":1,"href":"https:\/\/artanitim.com.tr\/en\/wp-json\/wp\/v2\/pages\/2403\/revisions"}],"predecessor-version":[{"id":2404,"href":"https:\/\/artanitim.com.tr\/en\/wp-json\/wp\/v2\/pages\/2403\/revisions\/2404"}],"wp:attachment":[{"href":"https:\/\/artanitim.com.tr\/en\/wp-json\/wp\/v2\/media?parent=2403"}],"curies":[{"name":"wp","href":"https:\/\/api.w.org\/{rel}","templated":true}]}}