{"id":2401,"date":"2022-01-18T09:03:24","date_gmt":"2022-01-18T09:03:24","guid":{"rendered":"https:\/\/artanitim.com.tr\/?page_id=2401"},"modified":"2022-01-18T09:03:24","modified_gmt":"2022-01-18T09:03:24","slug":"gizlilik-politikasi-2","status":"publish","type":"page","link":"https:\/\/artanitim.com.tr\/en\/gizlilik-politikasi-2\/","title":{"rendered":"Gizlilik Politikas\u0131"},"content":{"rendered":"<p>[vc_row][vc_column][vc_column_text]<\/p>\n<div class=\"page\" title=\"Page 1\">\n<div class=\"layoutArea\">\n<div class=\"column\">\n<p>Ar Tan\u0131t\u0131m Pazarlama San. ve Tic. Ltd. S\u0327ti. mu\u0308s\u0327terilerinin verdig\u0306i tu\u0308m bilgilerin gizlilig\u0306ini korumak amac\u0131yla as\u0327ag\u0306\u0131da belirtilen temel kurallar\u0131 benimsemis\u0327tir:<\/p>\n<p>\u2022 Mu\u0308s\u0327terilerimizden sadece u\u0308ru\u0308n\/hizmet bas\u0327vurular\u0131 ile ilgili olan ve kendilerine hizmet sunabilmemiz ic\u0327in gerekli go\u0308rdu\u0308g\u0306u\u0308mu\u0308z bilgileri talep ederiz.<\/p>\n<p>Mu\u0308s\u0327terilerimizin gu\u0308venlig\u0306i ve www.artanitim.com.tr u\u0308zerinden giris\u0327 yap\u0131lan bilgilerin gizlilig\u0306ini korumak amac\u0131yla Ar Tan\u0131t\u0131m Pazarlama San. ve Tic. Ltd. S\u0327ti.\u2019nin sisteminin ve altyap\u0131s\u0131n\u0131nen gu\u0308venilir seviyede tutulmas\u0131n\u0131 sag\u0306layacak bu\u0308tu\u0308n o\u0308nlemler al\u0131nm\u0131s\u0327t\u0131r.<\/p>\n<ul>\n<li>Mu\u0308s\u0327terilerimizin www.artanitim.com.tr adresine u\u0308ru\u0308n\/hizmet bas\u0327vurusu ve bilgi gu\u0308ncellemeamac\u0327l\u0131 girmis\u0327 olduklar\u0131 bilgilerin dig\u0306er internet kullan\u0131c\u0131lar\u0131 taraf\u0131ndan go\u0308ru\u0308ntu\u0308lenmesini engellemek ic\u0327in gerekli bu\u0308tu\u0308n o\u0308nlemler al\u0131nm\u0131s\u0327t\u0131r.<\/li>\n<li>Mu\u0308s\u0327terilerimizin s\u0327irketimiz ile paylas\u0327t\u0131g\u0306\u0131 bilgilere izinsiz ulas\u0327\u0131m, Ar Tan\u0131t\u0131m Pazarlama San. ve Tic. Ltd. S\u0327ti. personeli de dahil olmak u\u0308zere k\u0131s\u0131tlanm\u0131s\u0327t\u0131r. So\u0308z konusu bilgiler mu\u0308s\u0327terilerimizin onay\u0131 d\u0131s\u0327\u0131nda ya da yasal bir yu\u0308ku\u0308mlu\u0308lu\u0308k alt\u0131nda bulunulmad\u0131g\u0306\u0131 su\u0308receherhangi bir u\u0308c\u0327u\u0308ncu\u0308 s\u0327ah\u0131s, kurum ve kurulus\u0327 ile paylas\u0327\u0131lmaz.<\/li>\n<li>Ar Tan\u0131t\u0131m Pazarlama San. ve Tic. Ltd. S\u0327ti.\u2019nin destek hizmetler almak amac\u0131yla farkl\u0131 kurulus\u0327larla c\u0327al\u0131s\u0327mas\u0131 durumunda, bu firmalar\u0131n s\u0327irketimiz gizlilik standartlar\u0131na ve s\u0327artlar\u0131na uymalar\u0131 sag\u0306lan\u0131r.<\/li>\n<li>Gizlilik Politikam\u0131zda yer alan taahhu\u0308tlerimiz yaln\u0131zca www.artanitim.com.tr adresimiz ic\u0327in gec\u0327erli olup, www.artanitim.com.tr\u2019de linkleri verilen dig\u0306er web sitelerini kapsamamaktad\u0131r. So\u0308zkonusu dig\u0306er web sitelerinin kullan\u0131m\u0131nda o sitelere ait gizlilik politikas\u0131 ve kullan\u0131m s\u0327artlar\u0131 gec\u0327erlidir.<\/li>\n<li>Ar Tan\u0131t\u0131m Pazarlama San. ve Tic. Ltd. S\u0327ti. www.artanitim.com.tr adresi u\u0308zerinden reklam,banner, ic\u0327erik veya bas\u0327ka bir maksat ile gec\u0327ilen dig\u0306er web sitelerinin bilgi kullan\u0131m\u0131, etik ilkeleri, gizlilik politikalar\u0131, nitelik ve servis kalitesi ile bu sitelerde olus\u0327abilecek herhangi bir maddi\/manevi zarar ve kay\u0131plardan sorumlu deg\u0306ildir.<\/li>\n<li>Gerek www.artanitim.com.tr de linkleri verilen dig\u0306er web sitelerindeki, gerekse de dig\u0306er internet sitelerine bag\u0306lant\u0131lar\u0131n riski, kullan\u0131c\u0131ya aittir. Bu sitelerde verilen bilgilerin dog\u0306rulug\u0306u ile bu sitelerden verilen dig\u0306er bag\u0306lant\u0131lar\u0131n nitelikleri Ar Tan\u0131t\u0131m Pazarlama San. ve Tic. Ltd. S\u0327ti. taraf\u0131ndan aras\u0327t\u0131r\u0131lmam\u0131s\u0327 ve dog\u0306rulanmam\u0131s\u0327t\u0131r.Genel Kullan\u0131m S\u0327artlar\u0131 ve Sorumlulug\u0306un S\u0131n\u0131rland\u0131r\u0131lmas\u0131<br \/>\nwww.artanitim.com.tr internet sitesine girmekle as\u0327ag\u0306\u0131da belirtilen s\u0327artlar\u0131 kabul etmis\u0327 olursunuz.<\/p>\n<p>Bu nedenle o\u0308ncelikle \u201cGenel Kullan\u0131m S\u0327artlar\u0131 ve Sorumlulug\u0306un S\u0131n\u0131rland\u0131r\u0131lmas\u0131\u201d ile ilgili as\u0327ag\u0306\u0131da belirtilen s\u0327artlar\u0131 dikkatle okuman\u0131z\u0131 rica ederiz.<\/p>\n<p>Belirtilen s\u0327artlar\u0131 kabul etmiyorsan\u0131z lu\u0308tfen Ar Tan\u0131t\u0131m Pazarlama San. ve Tic. Ltd. S\u0327ti. I\u0307nternet Sitesi\u2019ni ve herhangi bir sayfas\u0131n\u0131 kullanmay\u0131n\u0131z, u\u0308ru\u0308n ve hizmet bas\u0327vurusunda bulunmay\u0131n\u0131z.<\/li>\n<\/ul>\n<ul>\n<li>Bu internet sitesinde yer alan bilgi, materyal ve bunlar\u0131n du\u0308zenlenmesi konusundaki telif haklar\u0131, tescilli marka, patent, fikri ve dig\u0306er mu\u0308lkiyet haklar\u0131 Ar Tan\u0131t\u0131m Pazarlama San. ve Tic. Ltd. S\u0327ti.\u2019ne aittir. Herhangi bir kis\u0327i\/kurulus\u0327, o\u0308nceden Ar Tan\u0131t\u0131m Pazarlama San. ve Tic. Ltd. S\u0327ti.\u2019den yaz\u0131l\u0131 iznini almaks\u0131z\u0131n, bu internet sitesinin belirli bir k\u0131sm\u0131n\u0131 bas\u0327ka bir web sitesinde veya sair yerde kullanamaz veya bas\u0327ka bir web sitesinden bag\u0306lant\u0131 kuramaz.<\/li>\n<li>Bu internet sitesinde verilen her tu\u0308rlu\u0308 bilgiler ve materyaller \u201coldug\u0306u gibi\u201d, \u201cmevcut oldug\u0306u s\u0327ekilde\u201d sag\u0306lanmaktad\u0131rlar Ar Tan\u0131t\u0131m Pazarlama San. ve Tic. Ltd. S\u0327ti. bu bilgilerin dog\u0306rulug\u0306unu ve yeterlilig\u0306ini garanti etmemekte olup, bu bilgilerdeki hatalar ya da eksiklikler nedeniyle dog\u0306abilecek her tu\u0308rlu\u0308 sorumlulug\u0306u ac\u0327\u0131k bir s\u0327ekilde reddetmektedir. Bu bilgilerle u\u0308c\u0327u\u0308ncu\u0308 s\u0327ah\u0131slar\u0131n haklar\u0131n\u0131n ihlal edilmemesi; mu\u0308lkiyet, sat\u0131labilirlik ve\/veya belirli bir amac\u0327<\/li>\n<\/ul>\n<\/div>\n<\/div>\n<\/div>\n<div class=\"page\" title=\"Page 2\">\n<div class=\"layoutArea\">\n<div class=\"column\">\n<p>ic\u0327in uygunlug\u0306a ilis\u0327kin garantiler dahil ancak bunlarla s\u0131n\u0131rl\u0131 kalmamak kayd\u0131yla, z\u0131mnen, ac\u0327\u0131kc\u0327a<\/p>\n<p>ya da yasal olarak hic\u0327bir garanti vermemektedir.<\/p>\n<ul>\n<li>I\u0307s\u0327bu internet sitesinin kullan\u0131m\u0131 s\u0131ras\u0131nda herhangi bir performans ar\u0131zas\u0131, hata, eksiklik,kesinti, kusur, is\u0327letme ve\/veya nakilde gecikme, bilgisayar viru\u0308su\u0308, hat ve\/veya sistem ar\u0131zas\u0131 gibi sebeplerle ortaya c\u0327\u0131kan dog\u0306rudan ya da dolayl\u0131 zarar, ziyan ve masraflar da dahil ancak bunlarla s\u0131n\u0131rl\u0131 olmamak u\u0308zere hic\u0327bir zarar ve ziyandan, Ar Tan\u0131t\u0131m Pazarlama San. ve Tic. Ltd. S\u0327ti. ve\/veya c\u0327al\u0131s\u0327anlar\u0131, bu tu\u0308r bir zarar ve ziyan olas\u0131l\u0131g\u0306\u0131ndan haberdar olsalar dahi sorumlu deg\u0306ildirler.<\/li>\n<li>Ar Tan\u0131t\u0131m Pazarlama San. ve Tic. Ltd. S\u0327ti. internet sitesinde yer alan bu\u0308tu\u0308n u\u0308ru\u0308n ve hizmetleri, sayfalar\u0131, bilgileri, go\u0308rsel unsurlar\u0131 ve burada yer alan s\u0327artlar\u0131 o\u0308nceden bildirimde bulunmadan deg\u0306is\u0327tirme hakk\u0131n\u0131 sakl\u0131 tutar.<\/li>\n<li>Bu internet sitesinin belirli bo\u0308lu\u0308m ve sayfalar\u0131nda yukar\u0131da belirtilenlere ek s\u0327artlar o\u0308ngo\u0308ru\u0308lmu\u0308s\u0327 olabilir. Burada belirtilen genel s\u0327artlar ile ek s\u0327artlar aras\u0131nda c\u0327elis\u0327ki olmas\u0131 halinde ilgili bo\u0308lu\u0308m ve sayfaya ilis\u0327kin ek s\u0327artlar uygulan\u0131r.<\/li>\n<li>Bu internet sitesinin kullan\u0131m\u0131ndan dog\u0306acak ihtilaflarda, kanunlar ihtilaf\u0131na ilis\u0327kin hu\u0308ku\u0308mleri dikkate al\u0131nmaks\u0131z\u0131n Tu\u0308rk Hukuku uygulan\u0131r. I\u0307htilaflar\u0131n hallinde, kanunen yetkili mahkemelerin yan\u0131 s\u0131ra I\u0307stanbul (Anadolu) Mahkeme ve I\u0307cra Daireleri de yetkilidir.<\/li>\n<\/ul>\n<\/div>\n<\/div>\n<\/div>\n<p>[\/vc_column_text][\/vc_column][\/vc_row]<\/p>","protected":false},"excerpt":{"rendered":"<p>[vc_row][vc_column][vc_column_text] Ar Tan\u0131t\u0131m Pazarlama San. ve Tic. Ltd. S\u0327ti. mu\u0308s\u0327terilerinin verdig\u0306i tu\u0308m bilgilerin gizlilig\u0306ini korumak amac\u0131yla as\u0327ag\u0306\u0131da belirtilen temel kurallar\u0131 benimsemis\u0327tir: \u2022 Mu\u0308s\u0327terilerimizden sadece u\u0308ru\u0308n\/hizmet bas\u0327vurular\u0131 ile ilgili olan ve kendilerine hizmet sunabilmemiz ic\u0327in gerekli go\u0308rdu\u0308g\u0306u\u0308mu\u0308z bilgileri talep ederiz. Mu\u0308s\u0327terilerimizin gu\u0308venlig\u0306i ve www.artanitim.com.tr u\u0308zerinden giris\u0327 yap\u0131lan bilgilerin gizlilig\u0306ini korumak amac\u0131yla Ar Tan\u0131t\u0131m Pazarlama San. ve [&hellip;]<\/p>","protected":false},"author":1,"featured_media":0,"parent":0,"menu_order":0,"comment_status":"closed","ping_status":"closed","template":"","meta":[],"_links":{"self":[{"href":"https:\/\/artanitim.com.tr\/en\/wp-json\/wp\/v2\/pages\/2401"}],"collection":[{"href":"https:\/\/artanitim.com.tr\/en\/wp-json\/wp\/v2\/pages"}],"about":[{"href":"https:\/\/artanitim.com.tr\/en\/wp-json\/wp\/v2\/types\/page"}],"author":[{"embeddable":true,"href":"https:\/\/artanitim.com.tr\/en\/wp-json\/wp\/v2\/users\/1"}],"replies":[{"embeddable":true,"href":"https:\/\/artanitim.com.tr\/en\/wp-json\/wp\/v2\/comments?post=2401"}],"version-history":[{"count":1,"href":"https:\/\/artanitim.com.tr\/en\/wp-json\/wp\/v2\/pages\/2401\/revisions"}],"predecessor-version":[{"id":2402,"href":"https:\/\/artanitim.com.tr\/en\/wp-json\/wp\/v2\/pages\/2401\/revisions\/2402"}],"wp:attachment":[{"href":"https:\/\/artanitim.com.tr\/en\/wp-json\/wp\/v2\/media?parent=2401"}],"curies":[{"name":"wp","href":"https:\/\/api.w.org\/{rel}","templated":true}]}}