{"id":2399,"date":"2022-01-18T09:02:39","date_gmt":"2022-01-18T09:02:39","guid":{"rendered":"https:\/\/artanitim.com.tr\/?page_id=2399"},"modified":"2022-01-18T09:02:39","modified_gmt":"2022-01-18T09:02:39","slug":"veri-sorumlusu-ve-ilgili-kisi-bilgisi","status":"publish","type":"page","link":"https:\/\/artanitim.com.tr\/en\/veri-sorumlusu-ve-ilgili-kisi-bilgisi\/","title":{"rendered":"Veri Sorumlusu ve \u0130lgili Ki\u015fi Bilgisi"},"content":{"rendered":"<p>[vc_row][vc_column][vc_column_text]<\/p>\n<div class=\"page\" title=\"Page 1\">\n<div class=\"layoutArea\">\n<div class=\"column\">\n<p>6698 say\u0131l\u0131 Kis\u0327isel Verilerin Korunmas\u0131 Kanunu\u2019na go\u0308re haz\u0131rlanm\u0131s\u0327 olup, AR TANITIM PAZARLAMA SAN. ve TI\u0307C. LTD. S\u0327TI\u0307. sizinle ilgili kis\u0327isel verileri is\u0327lemesi, veri is\u0327leme amac\u0327lar\u0131n\u0131 belirlemesi, veri is\u0327leme sisteminin kurulmas\u0131 ve is\u0327letilmesi sebebiyle veri sorumlusudur. AR TANITIM PAZARLAMA SAN. ve TI\u0307C. LTD. S\u0327TI\u0307. taraf\u0131ndan, kis\u0327isel verisi is\u0327lenen gerc\u0327ek kis\u0327iler,kanun taraf\u0131ndan ilgili kis\u0327i olarak kabul edilmektedir.<\/p>\n<p>Kanunun Ayd\u0131nlatma Yu\u0308ku\u0308mlu\u0308lu\u0308g\u0306u\u0308nu\u0308 du\u0308zenleyen 10\u2019ncu maddesine go\u0308re, veri sorumlular\u0131, kis\u0327isel verilerini is\u0327ledikleri gerc\u0327ek kis\u0327ileri, veri is\u0327leme ile ilgili konularda bilgilendirmekle yu\u0308ku\u0308mlu\u0308du\u0308r.<\/p>\n<p>Bu metin, ilgili kis\u0327i olarak sizi bilgilendirmeye yo\u0308nelik haz\u0131rlanm\u0131s\u0327 olup, ilgili kis\u0327inin (verisahibinin) ve veri sorumlusunun hak ve yu\u0308ku\u0308mlu\u0308lu\u0308klerini ic\u0327ermektedir.<\/p>\n<p>Veri Sorumlusunun<\/p>\n<p>Ad\u0131\/Soyad\u0131 \/ Unvan\u0131 : AR TANITIM PAZARLAMA SAN. ve TI\u0307C. LTD. S\u0327TI\u0307.<br \/>\nPosta Adresi : Ayd\u0131nl\u0131 \u2013 I\u0307stanbul AYOSB Mah. 1 Sk. I\u0307stanbul Anadolu Yakas\u0131 OSB No: 12 \u2013 I\u0307c\u0327 Kap\u0131 No Tuzla \/ I\u0307stanbul<\/p>\n<\/div>\n<\/div>\n<div class=\"layoutArea\">\n<div class=\"column\">\n<p>PHONE<\/p>\n<p>E-posta I\u0307nternet Adresi<\/p>\n<\/div>\n<div class=\"column\">\n<p>: 0 (216) 642 54 00<br \/>\n: kvkk@artanitim.com.tr : www.artanitim.com.tr<\/p>\n<\/div>\n<\/div>\n<div class=\"layoutArea\">\n<div class=\"column\">\n<p>Kis\u0327isel Veri I\u0307s\u0327leme Amac\u0327lar\u0131 ve I\u0307s\u0327lenen Veriler<\/p>\n<p>Ziyaretc\u0327i, c\u0327al\u0131s\u0327an aday\u0131, c\u0327al\u0131s\u0327an, tedarikc\u0327i ve mu\u0308s\u0327terilerimize yo\u0308nelik, s\u0327irket gu\u0308venlig\u0306inin sag\u0306lanabilmesi, s\u0327irketin o\u0308zel alanlar\u0131na giris\u0327 c\u0327\u0131k\u0131s\u0327lar\u0131n gu\u0308venlig\u0306inin sag\u0306lanabilmesi, s\u0327irket ic\u0327i yetkilendirmelerin sag\u0306lanabilmesi, ve ilgili dig\u0306er mevzuatlar\u0131n\u0131n yerine getirilmesi amac\u0327lar\u0131na yo\u0308nelik olarak as\u0327ag\u0306\u0131da belirtilen kis\u0327isel verileriniz is\u0327lenmektedir. Kis\u0327isel veriler, her tu\u0308rlu\u0308 so\u0308zlu\u0308,yaz\u0131l\u0131 ya da elektronik ortamda is\u0327bu ayd\u0131nlatma metninde belirtilen amac\u0327lar dog\u0306rultusunda toplanmaktad\u0131r.<\/p>\n<p>Ziyaretc\u0327i, c\u0327al\u0131s\u0327an aday\u0131, c\u0327al\u0131s\u0327an, tedarikc\u0327i ve mu\u0308s\u0327terilerimize yo\u0308nelik olarak kis\u0327isel veriler,<\/p>\n<ul>\n<li>Kanunlarda ac\u0327\u0131kc\u0327a o\u0308ngo\u0308ru\u0308lmesi,<\/li>\n<li>I\u0307lgili kis\u0327inin temel hak ve o\u0308zgu\u0308rlu\u0308klerine zarar vermemek kayd\u0131yla, veri sorumlusunun mes\u0327rumenfaatleri ic\u0327in veri is\u0327lenmesinin zorunlu olmas\u0131 hukuki sebeplerine dayan\u0131larak\n<p>is\u0327lenmektedir.<br \/>\nZiyaretc\u0327i, c\u0327al\u0131s\u0327an aday\u0131, c\u0327al\u0131s\u0327an, tedarikc\u0327i ve mu\u0308s\u0327terilerimize yo\u0308nelik is\u0327lenen veriler ise<\/p>\n<p>as\u0327ag\u0306\u0131daki kategorilerde yer alan kis\u0327isel verilerdir.<\/p>\n<p>\u2022Fiziksel Mekan Gu\u0308venlik Bilgisi \u2022Go\u0308rsel ve I\u0307s\u0327itsel Veri<br \/>\n\u2022Kimlik Bilgisi<\/p>\n<p>Belirtilen veri kategorilerinde hangi verilerin bulundug\u0306u ise veri sorumlusu olarak du\u0308zenledig\u0306imizveri haritas\u0131nda ayr\u0131nt\u0131l\u0131 olarak bulunmaktad\u0131r.<\/li>\n<\/ul>\n<\/div>\n<\/div>\n<\/div>\n<div class=\"page\" title=\"Page 2\">\n<div class=\"layoutArea\">\n<div class=\"column\">\n<p>I\u0307s\u0327lenen Kis\u0327isel Veriler Edinim Yo\u0308ntemi<\/p>\n<\/div>\n<\/div>\n<div class=\"layoutArea\">\n<div class=\"column\">\n<p>I\u0307s\u0327lenen kis\u0327isel verileriniz, yaz\u0131l\u0131, so\u0308zlu\u0308, go\u0308rsel ve ses kay\u0131t sistemi ve e-posta arac\u0131l\u0131g\u0306\u0131 ile siz veri sahibinden ve u\u0308c\u0327u\u0308ncu\u0308 taraflardan al\u0131nmaktad\u0131r.<\/p>\n<p>Kis\u0327isel Veri Aktar\u0131m ve Amac\u0327lar\u0131<\/p>\n<p>Kis\u0327isel verileriniz KVKK Md.28\/1 c\u0327erc\u0327evesinde talep edilmesi halinde ayd\u0131nlatma yu\u0308ku\u0308mlu\u0308lu\u0308g\u0306u\u0308 olmadan ve ac\u0327\u0131k r\u0131zan\u0131z aranmadan ilgili makamlara aktar\u0131labilir.<\/p>\n<p>I\u0307s\u0327lenen kis\u0327isel veriler; hukuki uyus\u0327mazl\u0131klar\u0131n giderilmesi veya ilgili mevzuat gereg\u0306i talep halinde adli makamlar veya ilgili kolluk kuvvetlerine ya da idari makamlara kanunda o\u0308ngo\u0308ru\u0308len amac\u0327\u0327 ve s\u0131n\u0131rlamalar dahilinde aktar\u0131labilir.<\/p>\n<p>Veri Sorumlusu Hak ve Yu\u0308ku\u0308mlu\u0308lu\u0308kleri<\/p>\n<p>Veri sorumlusu olarak, 6698 KVKK ile dig\u0306er ilgili kanunlara uygun olarak kis\u0327isel verileri is\u0327leme, kis\u0327isel verilerin hukuka ayk\u0131r\u0131 olarak is\u0327lenmesini ve eris\u0327ilmesini o\u0308nleme, kis\u0327isel verilerin gu\u0308venlibir s\u0327ekilde is\u0327lenmesi ve muhafazas\u0131 ic\u0327in teknik ve fili imkanlar dog\u0306rultusunda yeterli gu\u0308venlik tedbirlerini alma hak ve yu\u0308ku\u0308mlu\u0308lu\u0308kleri bulunmaktad\u0131r.<\/p>\n<p>Kis\u0327isel Verileri gizli tutmay\u0131, gizlilig\u0306in sag\u0306lanmas\u0131 ve gu\u0308venlig\u0306i ic\u0327in gerekli teknik ve idari her tu\u0308rlu\u0308 tedbiri almay\u0131 ve gerekli o\u0308zeni go\u0308stermeyi taahhu\u0308t etmekteyiz. Kis\u0327isel Veriler \u2018in korunmas\u0131 S\u0327irketimiz ic\u0327in o\u0308nemli bir konudur. Kis\u0327isel Verilere yetkisiz eris\u0327im veya bu bilgilerin kayb\u0131, hatal\u0131 kullan\u0131m\u0131, ifs\u0327a edilmesi, deg\u0306is\u0327tirilmesi veya imha edilmesine kars\u0327\u0131 korumak ic\u0327in gerekli teknik ve idari her tu\u0308rlu\u0308 o\u0308nlemi al\u0131nmaktad\u0131r. Kis\u0327isel Veriler\u2019i is\u0327lerken genel kabul go\u0308rmu\u0308s\u0327 gu\u0308venlik teknoloji standartlar\u0131 kullanmaktad\u0131r. Gerekli bilgi gu\u0308venlig\u0306i o\u0308nlemlerini almam\u0131za kars\u0327\u0131n, s\u0327irketimize ait internet sitesine ve veri is\u0327leme sistemlerimize yo\u0308nelik yap\u0131lan sald\u0131r\u0131lar sonucunda Kis\u0327isel Veriler \u2019in zarar go\u0308rmesi veya u\u0308c\u0327u\u0308ncu\u0308 kis\u0327ilerin eline gec\u0327mesi durumunda, bu durumu derhal sizlere ve Kis\u0327isel Verileri Koruma Kurulu\u2019na bildirir ve gerekli o\u0308nlemleri al\u0131r\u0131z.<\/p>\n<p>As\u0327ag\u0306\u0131da belirtilen hususlar\u0131n asgari birinin olmas\u0131 durumunda, KVKK madde 5 ve 6 da belirtildig\u0306i u\u0308zere, ac\u0327\u0131k r\u0131za al\u0131nmasa dahi kis\u0327isel ve o\u0308zel nitelikli kis\u0327isel veriler belirtilen amac\u0327lar dog\u0306rultusunda is\u0327lenebilecektir.<\/p>\n<ul>\n<li>I\u0307lgili kanunlarda ac\u0327\u0131kc\u0327a o\u0308ngo\u0308ru\u0308lmesi.<\/li>\n<li>Bir hakk\u0131n tesisi, kullan\u0131lmas\u0131 veya korunmas\u0131 ic\u0327in veri is\u0327lemenin zorunlu olmas\u0131.<\/li>\n<li>Bir so\u0308zles\u0327menin kurulmas\u0131 veya ifas\u0131yla dog\u0306rudan dog\u0306ruya ilgili olmas\u0131 kayd\u0131yla so\u0308zles\u0327menintaraflar\u0131na ait kis\u0327isel verilerin islenmesinin gerekli olmas\u0131.<\/li>\n<li>Veri sorumlusunun hukuki yu\u0308ku\u0308mlu\u0308lu\u0308g\u0306u\u0308nu\u0308 yerine getirebilmesi ic\u0327in zorunlu olmas\u0131.<\/li>\n<li>I\u0307lgili kis\u0327inin (veri sahibi) kendisi taraf\u0131ndan aleniles\u0327tirilmis\u0327\u0327 olmas\u0131.<\/li>\n<li>Fiili imka\u0302ns\u0131zl\u0131k nedeniyle r\u0131zas\u0131n\u0131 ac\u0327\u0131klayamayacak durumda bulunan veya r\u0131zas\u0131na hukukigec\u0327erlilik tan\u0131nmayan kis\u0327inin kendisinin ya da bir bas\u0327kas\u0131n\u0131n hayat\u0131 veya beden bu\u0308tu\u0308nlu\u0308g\u0306u\u0308nu\u0308n\n<p>korunmas\u0131 ic\u0327in zorunlu olmas\u0131.<\/li>\n<li>I\u0307lgili kis\u0327inin temel hak ve o\u0308zgu\u0308rlu\u0308klerine zarar vermemek kayd\u0131yla, veri sorumlusunun mes\u0327rumenfaatleri ic\u0327in veri is\u0327lenmesinin zorunlu olmas\u0131.<br \/>\nSag\u0306l\u0131k ve cinsel hayata ilis\u0327kin veriler d\u0131s\u0327\u0131ndaki o\u0308zel nitelikli kis\u0327isel veriler (kis\u0327ilerin \u0131rk\u0131, etnik ko\u0308keni, siyasi du\u0308s\u0327u\u0308ncesi, felsefi inanc\u0131, dini, mezhebi veya dig\u0306er inanc\u0327lar\u0131, k\u0131l\u0131k ve k\u0131yafeti, dernek, vak\u0131f ya da sendika u\u0308yelig\u0306i, ceza mahku\u0302miyeti ve gu\u0308venlik tedbirleriyle ilgili verileri ilebiometrik ve genetik verileri) ac\u0327\u0131s\u0131ndan is\u0327lemenin kanunlarda o\u0308ngo\u0308ru\u0308lmesi.<\/li>\n<\/ul>\n<p>\u2022 Sag\u0306l\u0131k ve cinsel hayata ilis\u0327kin veriler ac\u0327\u0131s\u0131ndan kamu sag\u0306l\u0131g\u0306\u0131n\u0131n korunmas\u0131, koruyucu<\/p>\n<p>hekimlik, t\u0131bb\u0131 tes\u0327his, tedavi ve bak\u0131m hizmetlerinin yu\u0308ru\u0308tu\u0308lmesi, sag\u0306l\u0131k hizmetleri ile<\/p>\n<\/div>\n<\/div>\n<\/div>\n<div class=\"page\" title=\"Page 3\">\n<div class=\"layoutArea\">\n<div class=\"column\">\n<p>finansman\u0131n\u0131n planlanmas\u0131 ve yo\u0308netimi amac\u0131yla, s\u0131r saklama yu\u0308ku\u0308mlu\u0308lu\u0308g\u0306u\u0308 alt\u0131nda bulunan kis\u0327iler veya yetkili kurum ve kurulus\u0327lar taraf\u0131ndan is\u0327lenmesi.<\/p>\n<p>Veri Sahibi Hak ve Yu\u0308ku\u0308mlu\u0308lu\u0308kleri<\/p>\n<p>Veri sahibi 6698 say\u0131l\u0131 kanunun 11. Maddesinde yaz\u0131l\u0131 haklara sahiptir.<\/p>\n<ol>\n<li>a) Kis\u0327isel veri is\u0327lenip is\u0327lenmedig\u0306ini o\u0308g\u0306renme,<\/li>\n<li>b) Kis\u0327isel verileri is\u0327lenmis\u0327se buna ilis\u0327kin bilgi talep etme,<\/li>\n<li>c) Kis\u0327isel verilerin is\u0327lenme amac\u0131n\u0131 ve bunlar\u0131n amac\u0131na uygun kullan\u0131l\u0131p kullan\u0131lmad\u0131g\u0306\u0131n\u0131o\u0308g\u0306renme,\n<p>c\u0327) Yurt ic\u0327inde veya yurt d\u0131s\u0327\u0131nda kis\u0327isel verilerin aktar\u0131ld\u0131g\u0306\u0131 u\u0308c\u0327u\u0308ncu\u0308 kis\u0327ileri bilme,<\/li>\n<\/ol>\n<ol>\n<li>d) Kis\u0327isel verilerin eksik veya yanl\u0131s\u0327 is\u0327lenmis\u0327 olmas\u0131 ha\u0302linde bunlar\u0131n du\u0308zeltilmesini isteme,<\/li>\n<li>e) 7nci maddede o\u0308ngo\u0308ru\u0308len s\u0327artlar c\u0327erc\u0327evesinde kis\u0327isel verilerin silinmesini veya yok edilmesiniisteme,<\/li>\n<li>f) (d) ve (e) bentleri uyar\u0131nca yap\u0131lan is\u0327lemlerin, kis\u0327isel verilerin aktar\u0131ld\u0131g\u0306\u0131 u\u0308c\u0327u\u0308ncu\u0308 kis\u0327ilerebildirilmesini isteme,<\/li>\n<li>g) I\u0307s\u0327lenen verilerin mu\u0308nhas\u0131ran otomatik sistemler vas\u0131tas\u0131yla analiz edilmesi suretiyle kis\u0327ininkendisi aleyhine bir sonucun ortaya c\u0327\u0131kmas\u0131na itiraz etme,<br \/>\ng\u0306) Kis\u0327isel verilerin kanuna ayk\u0131r\u0131 olarak is\u0327lenmesi sebebiyle zarara ug\u0306ramas\u0131 ha\u0302linde zarar\u0131n giderilmesini talep etme,<\/p>\n<p>Talep ve Bas\u0327vuru<\/p>\n<p>Yukar\u0131da belirtilen tu\u0308m haklar\u0131n\u0131z\u0131 kullanmak ic\u0327in bas\u0327vuru formunu ve kullanmak istedig\u0306iniz hakka ilis\u0327kin ac\u0327\u0131klamalar\u0131n\u0131z\u0131 ic\u0327eren metni Ayd\u0131nl\u0131 \u2013 I\u0307stanbul AYOSB Mah. 1 Sk. I\u0307stanbul Anadolu Yakas\u0131 OSB No: 12 \u2013 I\u0307c\u0327 Kap\u0131 No Tuzla \/ I\u0307stanbul adresine \u0131slak imzal\u0131 nu\u0308shas\u0131n\u0131 kimlig\u0306inizi tespit edici belgeler ile iletebilir.<\/p>\n<p>kvkk@artanitim.com.tr e-posta adresine iletebilir veya,<\/li>\n<\/ol>\n<p>\u2022 www.artanitim.com.tr adresinde bulunan Veri Sahibi bas\u0327vuru formu ile<\/p>\n<p>iletebilirsiniz.Yukar\u0131da belirtilen s\u0327ekillerden biri ile imzalanmak suretiyle<br \/>\ngo\u0308nderebilirsiniz.<br \/>\nTalebiniz bize ulas\u0327t\u0131ktan sonra 30 gu\u0308n ic\u0327erisinde sizlere burada belirtilen kanallardan geri do\u0308nu\u0308s\u0327 yap\u0131larak bilgilendirme yap\u0131lacakt\u0131r.<br \/>\nKis\u0327isel Verileri Koruma Kurumu taraf\u0131ndan getirilecek yeni du\u0308zenlemeler kapsam\u0131nda gelecekte vuku bulacak tu\u0308m gelis\u0327melere go\u0308re ayd\u0131nlatma metnin de deg\u0306is\u0327iklik yapma hakk\u0131m\u0131z sakl\u0131d\u0131r.<\/p>\n<p>AYDINLATMA YU\u0308KU\u0308MLU\u0308LU\u0308G\u0306U\u0308<\/p>\n<p>I\u0307s\u0327bu metni teblig\u0306 almakla 6698 say\u0131l\u0131 Kis\u0327isel Verilerin Korunmas\u0131 Kanunu kapsam\u0131nda taraf\u0131n\u0131za ayd\u0131nlatma yu\u0308ku\u0308mlu\u0308lu\u0308g\u0306u\u0308 yerine getirilmis\u0327tir.<\/p>\n<p>6698 say\u0131s\u0131 Kis\u0327isel Verilerin Korunmas\u0131 Kanunu kapsam\u0131nda, yukar\u0131da belirtilen kis\u0327isel verilerimin is\u0327lenmesine yo\u0308nelik bu ayd\u0131nlatma metninde belirtilen bilgileri tu\u0308m ziyaretc\u0327i, c\u0327al\u0131s\u0327an aday\u0131, c\u0327al\u0131s\u0327an, tedarikc\u0327i ve mu\u0308s\u0327terilerimiz ic\u0327in gec\u0327erlidir.<\/p>\n<\/div>\n<\/div>\n<\/div>\n<p>[\/vc_column_text][\/vc_column][\/vc_row]<\/p>","protected":false},"excerpt":{"rendered":"<p>[vc_row][vc_column][vc_column_text] 6698 say\u0131l\u0131 Kis\u0327isel Verilerin Korunmas\u0131 Kanunu\u2019na go\u0308re haz\u0131rlanm\u0131s\u0327 olup, AR TANITIM PAZARLAMA SAN. ve TI\u0307C. LTD. S\u0327TI\u0307. sizinle ilgili kis\u0327isel verileri is\u0327lemesi, veri is\u0327leme amac\u0327lar\u0131n\u0131 belirlemesi, veri is\u0327leme sisteminin kurulmas\u0131 ve is\u0327letilmesi sebebiyle veri sorumlusudur. AR TANITIM PAZARLAMA SAN. ve TI\u0307C. LTD. S\u0327TI\u0307. taraf\u0131ndan, kis\u0327isel verisi is\u0327lenen gerc\u0327ek kis\u0327iler,kanun taraf\u0131ndan ilgili kis\u0327i olarak kabul [&hellip;]<\/p>","protected":false},"author":1,"featured_media":0,"parent":0,"menu_order":0,"comment_status":"closed","ping_status":"closed","template":"","meta":[],"_links":{"self":[{"href":"https:\/\/artanitim.com.tr\/en\/wp-json\/wp\/v2\/pages\/2399"}],"collection":[{"href":"https:\/\/artanitim.com.tr\/en\/wp-json\/wp\/v2\/pages"}],"about":[{"href":"https:\/\/artanitim.com.tr\/en\/wp-json\/wp\/v2\/types\/page"}],"author":[{"embeddable":true,"href":"https:\/\/artanitim.com.tr\/en\/wp-json\/wp\/v2\/users\/1"}],"replies":[{"embeddable":true,"href":"https:\/\/artanitim.com.tr\/en\/wp-json\/wp\/v2\/comments?post=2399"}],"version-history":[{"count":1,"href":"https:\/\/artanitim.com.tr\/en\/wp-json\/wp\/v2\/pages\/2399\/revisions"}],"predecessor-version":[{"id":2400,"href":"https:\/\/artanitim.com.tr\/en\/wp-json\/wp\/v2\/pages\/2399\/revisions\/2400"}],"wp:attachment":[{"href":"https:\/\/artanitim.com.tr\/en\/wp-json\/wp\/v2\/media?parent=2399"}],"curies":[{"name":"wp","href":"https:\/\/api.w.org\/{rel}","templated":true}]}}