{"id":2316,"date":"2020-08-16T11:59:12","date_gmt":"2020-08-16T11:59:12","guid":{"rendered":"http:\/\/artanitim.com.tr\/?page_id=2316"},"modified":"2020-08-16T12:00:59","modified_gmt":"2020-08-16T12:00:59","slug":"imece","status":"publish","type":"page","link":"https:\/\/artanitim.com.tr\/en\/imece\/","title":{"rendered":"\u0130mece"},"content":{"rendered":"<p>[vc_row][vc_column]\n    <div class=\"wprt-headings style-1 clearfix text-center\">\n        <h1 class=\"heading\" >\u0130mece Uygulamalar\u0131m\u0131z<\/h1>\n        \n            <\/div>\n        \n[\/vc_column][\/vc_row][vc_row][vc_column][vc_media_grid element_width=&#8221;2&#8243; grid_id=&#8221;vc_gid:1597579175480-41d5c3f9bd975dc8f84b5356ea9bc214-4&#8243; include=&#8221;2318,2319&#8243;][vc_empty_space][\/vc_column][\/vc_row]<\/p>","protected":false},"excerpt":{"rendered":"<p>[vc_row][vc_column][\/vc_column][\/vc_row][vc_row][vc_column][vc_media_grid element_width=&#8221;2&#8243; grid_id=&#8221;vc_gid:1597579175480-41d5c3f9bd975dc8f84b5356ea9bc214-4&#8243; include=&#8221;2318,2319&#8243;][vc_empty_space][\/vc_column][\/vc_row]<\/p>","protected":false},"author":1,"featured_media":0,"parent":0,"menu_order":0,"comment_status":"closed","ping_status":"closed","template":"","meta":[],"_links":{"self":[{"href":"https:\/\/artanitim.com.tr\/en\/wp-json\/wp\/v2\/pages\/2316"}],"collection":[{"href":"https:\/\/artanitim.com.tr\/en\/wp-json\/wp\/v2\/pages"}],"about":[{"href":"https:\/\/artanitim.com.tr\/en\/wp-json\/wp\/v2\/types\/page"}],"author":[{"embeddable":true,"href":"https:\/\/artanitim.com.tr\/en\/wp-json\/wp\/v2\/users\/1"}],"replies":[{"embeddable":true,"href":"https:\/\/artanitim.com.tr\/en\/wp-json\/wp\/v2\/comments?post=2316"}],"version-history":[{"count":2,"href":"https:\/\/artanitim.com.tr\/en\/wp-json\/wp\/v2\/pages\/2316\/revisions"}],"predecessor-version":[{"id":2320,"href":"https:\/\/artanitim.com.tr\/en\/wp-json\/wp\/v2\/pages\/2316\/revisions\/2320"}],"wp:attachment":[{"href":"https:\/\/artanitim.com.tr\/en\/wp-json\/wp\/v2\/media?parent=2316"}],"curies":[{"name":"wp","href":"https:\/\/api.w.org\/{rel}","templated":true}]}}