{"id":2303,"date":"2020-08-16T11:43:39","date_gmt":"2020-08-16T11:43:39","guid":{"rendered":"http:\/\/artanitim.com.tr\/?page_id=2303"},"modified":"2020-08-16T11:44:09","modified_gmt":"2020-08-16T11:44:09","slug":"adalet-sarayi","status":"publish","type":"page","link":"https:\/\/artanitim.com.tr\/en\/adalet-sarayi\/","title":{"rendered":"Adalet Saray\u0131"},"content":{"rendered":"<p>[vc_row][vc_column]\n    <div class=\"wprt-headings style-1 clearfix text-center\">\n        <h1 class=\"heading\" >Adalet Saray\u0131 Uygulamalar\u0131m\u0131z<\/h1>\n        \n            <\/div>\n        \n[\/vc_column][\/vc_row][vc_row][vc_column][vc_media_grid element_width=&#8221;2&#8243; grid_id=&#8221;vc_gid:1597578232571-6c51d0656522f23896100fa9dc53a2e0-7&#8243; include=&#8221;1926&#8243;][vc_empty_space][\/vc_column][\/vc_row]<\/p>","protected":false},"excerpt":{"rendered":"<p>[vc_row][vc_column][\/vc_column][\/vc_row][vc_row][vc_column][vc_media_grid element_width=&#8221;2&#8243; grid_id=&#8221;vc_gid:1597578232571-6c51d0656522f23896100fa9dc53a2e0-7&#8243; include=&#8221;1926&#8243;][vc_empty_space][\/vc_column][\/vc_row]<\/p>","protected":false},"author":1,"featured_media":0,"parent":0,"menu_order":0,"comment_status":"closed","ping_status":"closed","template":"","meta":[],"_links":{"self":[{"href":"https:\/\/artanitim.com.tr\/en\/wp-json\/wp\/v2\/pages\/2303"}],"collection":[{"href":"https:\/\/artanitim.com.tr\/en\/wp-json\/wp\/v2\/pages"}],"about":[{"href":"https:\/\/artanitim.com.tr\/en\/wp-json\/wp\/v2\/types\/page"}],"author":[{"embeddable":true,"href":"https:\/\/artanitim.com.tr\/en\/wp-json\/wp\/v2\/users\/1"}],"replies":[{"embeddable":true,"href":"https:\/\/artanitim.com.tr\/en\/wp-json\/wp\/v2\/comments?post=2303"}],"version-history":[{"count":2,"href":"https:\/\/artanitim.com.tr\/en\/wp-json\/wp\/v2\/pages\/2303\/revisions"}],"predecessor-version":[{"id":2306,"href":"https:\/\/artanitim.com.tr\/en\/wp-json\/wp\/v2\/pages\/2303\/revisions\/2306"}],"wp:attachment":[{"href":"https:\/\/artanitim.com.tr\/en\/wp-json\/wp\/v2\/media?parent=2303"}],"curies":[{"name":"wp","href":"https:\/\/api.w.org\/{rel}","templated":true}]}}