{"id":2278,"date":"2020-08-16T11:26:38","date_gmt":"2020-08-16T11:26:38","guid":{"rendered":"http:\/\/artanitim.com.tr\/?page_id=2278"},"modified":"2020-08-16T11:28:53","modified_gmt":"2020-08-16T11:28:53","slug":"teknik-yapi","status":"publish","type":"page","link":"https:\/\/artanitim.com.tr\/en\/teknik-yapi\/","title":{"rendered":"Teknik Yap\u0131"},"content":{"rendered":"<p>[vc_row][vc_column]\n    <div class=\"wprt-headings style-1 clearfix text-center\">\n        <h1 class=\"heading\" >Teknik Yap\u0131 Uygulamalar\u0131m\u0131z<\/h1>\n        \n            <\/div>\n        \n[\/vc_column][\/vc_row][vc_row][vc_column][vc_media_grid element_width=&#8221;2&#8243; grid_id=&#8221;vc_gid:1597577286328-139f9d70e7626e83c1c21ff7a1a4f0f9-5&#8243; include=&#8221;2039&#8243;][vc_empty_space][\/vc_column][\/vc_row]<\/p>","protected":false},"excerpt":{"rendered":"<p>[vc_row][vc_column][\/vc_column][\/vc_row][vc_row][vc_column][vc_media_grid element_width=&#8221;2&#8243; grid_id=&#8221;vc_gid:1597577286328-139f9d70e7626e83c1c21ff7a1a4f0f9-5&#8243; include=&#8221;2039&#8243;][vc_empty_space][\/vc_column][\/vc_row]<\/p>","protected":false},"author":1,"featured_media":0,"parent":0,"menu_order":0,"comment_status":"closed","ping_status":"closed","template":"","meta":[],"_links":{"self":[{"href":"https:\/\/artanitim.com.tr\/en\/wp-json\/wp\/v2\/pages\/2278"}],"collection":[{"href":"https:\/\/artanitim.com.tr\/en\/wp-json\/wp\/v2\/pages"}],"about":[{"href":"https:\/\/artanitim.com.tr\/en\/wp-json\/wp\/v2\/types\/page"}],"author":[{"embeddable":true,"href":"https:\/\/artanitim.com.tr\/en\/wp-json\/wp\/v2\/users\/1"}],"replies":[{"embeddable":true,"href":"https:\/\/artanitim.com.tr\/en\/wp-json\/wp\/v2\/comments?post=2278"}],"version-history":[{"count":2,"href":"https:\/\/artanitim.com.tr\/en\/wp-json\/wp\/v2\/pages\/2278\/revisions"}],"predecessor-version":[{"id":2281,"href":"https:\/\/artanitim.com.tr\/en\/wp-json\/wp\/v2\/pages\/2278\/revisions\/2281"}],"wp:attachment":[{"href":"https:\/\/artanitim.com.tr\/en\/wp-json\/wp\/v2\/media?parent=2278"}],"curies":[{"name":"wp","href":"https:\/\/api.w.org\/{rel}","templated":true}]}}