{"id":1654,"date":"2020-06-19T10:25:33","date_gmt":"2020-06-19T10:25:33","guid":{"rendered":"http:\/\/artanitim.com.tr\/?page_id=1654"},"modified":"2020-08-16T11:42:16","modified_gmt":"2020-08-16T11:42:16","slug":"cilek","status":"publish","type":"page","link":"https:\/\/artanitim.com.tr\/en\/cilek\/","title":{"rendered":"\u00c7ilek"},"content":{"rendered":"<p>[vc_row][vc_column]\n    <div class=\"wprt-headings style-1 clearfix text-center\">\n        <h1 class=\"heading\" >\u00c7ilek Uygulamalar\u0131m\u0131z<\/h1>\n        \n            <\/div>\n        \n[\/vc_column][\/vc_row][vc_row][vc_column][vc_media_grid element_width=&#8221;2&#8243; grid_id=&#8221;vc_gid:1597578122213-59971faa756dbbb95566e94d1e9e484e-0&#8243; include=&#8221;1946&#8243;][vc_empty_space][\/vc_column][\/vc_row]<\/p>","protected":false},"excerpt":{"rendered":"<p>[vc_row][vc_column][\/vc_column][\/vc_row][vc_row][vc_column][vc_media_grid element_width=&#8221;2&#8243; grid_id=&#8221;vc_gid:1597578122213-59971faa756dbbb95566e94d1e9e484e-0&#8243; include=&#8221;1946&#8243;][vc_empty_space][\/vc_column][\/vc_row]<\/p>","protected":false},"author":1,"featured_media":0,"parent":0,"menu_order":0,"comment_status":"closed","ping_status":"closed","template":"","meta":[],"_links":{"self":[{"href":"https:\/\/artanitim.com.tr\/en\/wp-json\/wp\/v2\/pages\/1654"}],"collection":[{"href":"https:\/\/artanitim.com.tr\/en\/wp-json\/wp\/v2\/pages"}],"about":[{"href":"https:\/\/artanitim.com.tr\/en\/wp-json\/wp\/v2\/types\/page"}],"author":[{"embeddable":true,"href":"https:\/\/artanitim.com.tr\/en\/wp-json\/wp\/v2\/users\/1"}],"replies":[{"embeddable":true,"href":"https:\/\/artanitim.com.tr\/en\/wp-json\/wp\/v2\/comments?post=1654"}],"version-history":[{"count":2,"href":"https:\/\/artanitim.com.tr\/en\/wp-json\/wp\/v2\/pages\/1654\/revisions"}],"predecessor-version":[{"id":2301,"href":"https:\/\/artanitim.com.tr\/en\/wp-json\/wp\/v2\/pages\/1654\/revisions\/2301"}],"wp:attachment":[{"href":"https:\/\/artanitim.com.tr\/en\/wp-json\/wp\/v2\/media?parent=1654"}],"curies":[{"name":"wp","href":"https:\/\/api.w.org\/{rel}","templated":true}]}}