{"id":1640,"date":"2020-06-19T10:24:11","date_gmt":"2020-06-19T10:24:11","guid":{"rendered":"http:\/\/artanitim.com.tr\/?page_id=1640"},"modified":"2020-08-16T11:40:47","modified_gmt":"2020-08-16T11:40:47","slug":"forum-istanbul","status":"publish","type":"page","link":"https:\/\/artanitim.com.tr\/en\/forum-istanbul\/","title":{"rendered":"Forum \u0130stanbul"},"content":{"rendered":"<p>[vc_row][vc_column]\n    <div class=\"wprt-headings style-1 clearfix text-center\">\n        <h1 class=\"heading\" >Forum \u0130stanbul Uygulamalar\u0131m\u0131z<\/h1>\n        \n            <\/div>\n        \n[\/vc_column][\/vc_row][vc_row][vc_column][vc_media_grid element_width=&#8221;2&#8243; grid_id=&#8221;vc_gid:1597578027598-3e5fe03aa3b53d0b32f8138f33febcad-4&#8243; include=&#8221;2030,1954&#8243;][vc_empty_space][\/vc_column][\/vc_row]<\/p>","protected":false},"excerpt":{"rendered":"<p>[vc_row][vc_column][\/vc_column][\/vc_row][vc_row][vc_column][vc_media_grid element_width=&#8221;2&#8243; grid_id=&#8221;vc_gid:1597578027598-3e5fe03aa3b53d0b32f8138f33febcad-4&#8243; include=&#8221;2030,1954&#8243;][vc_empty_space][\/vc_column][\/vc_row]<\/p>","protected":false},"author":1,"featured_media":0,"parent":0,"menu_order":0,"comment_status":"closed","ping_status":"closed","template":"","meta":[],"_links":{"self":[{"href":"https:\/\/artanitim.com.tr\/en\/wp-json\/wp\/v2\/pages\/1640"}],"collection":[{"href":"https:\/\/artanitim.com.tr\/en\/wp-json\/wp\/v2\/pages"}],"about":[{"href":"https:\/\/artanitim.com.tr\/en\/wp-json\/wp\/v2\/types\/page"}],"author":[{"embeddable":true,"href":"https:\/\/artanitim.com.tr\/en\/wp-json\/wp\/v2\/users\/1"}],"replies":[{"embeddable":true,"href":"https:\/\/artanitim.com.tr\/en\/wp-json\/wp\/v2\/comments?post=1640"}],"version-history":[{"count":5,"href":"https:\/\/artanitim.com.tr\/en\/wp-json\/wp\/v2\/pages\/1640\/revisions"}],"predecessor-version":[{"id":2299,"href":"https:\/\/artanitim.com.tr\/en\/wp-json\/wp\/v2\/pages\/1640\/revisions\/2299"}],"wp:attachment":[{"href":"https:\/\/artanitim.com.tr\/en\/wp-json\/wp\/v2\/media?parent=1640"}],"curies":[{"name":"wp","href":"https:\/\/api.w.org\/{rel}","templated":true}]}}