{"id":1604,"date":"2020-06-19T10:19:58","date_gmt":"2020-06-19T10:19:58","guid":{"rendered":"http:\/\/artanitim.com.tr\/?page_id=1604"},"modified":"2020-08-14T09:50:25","modified_gmt":"2020-08-14T09:50:25","slug":"eximbank","status":"publish","type":"page","link":"https:\/\/artanitim.com.tr\/en\/eximbank\/","title":{"rendered":"Ex\u0131mbank"},"content":{"rendered":"<p>[vc_row][vc_column]\n    <div class=\"wprt-headings style-1 clearfix text-center\">\n        <h1 class=\"heading\" >Ex\u0131mbank Genel M\u00fcd\u00fcrl\u00fck D\u0131\u015f Cephe Kurumsal Kimlik Uygulama<\/h1>\n        \n            <\/div>\n        \n[\/vc_column][\/vc_row][vc_row][vc_column][vc_media_grid element_width=&#8221;2&#8243; grid_id=&#8221;vc_gid:1597398615146-34c5f4c6c1be9a07953326e52fb32854-2&#8243; include=&#8221;1950,1951&#8243;][vc_empty_space][\/vc_column][\/vc_row]<\/p>","protected":false},"excerpt":{"rendered":"<p>[vc_row][vc_column][\/vc_column][\/vc_row][vc_row][vc_column][vc_media_grid element_width=&#8221;2&#8243; grid_id=&#8221;vc_gid:1597398615146-34c5f4c6c1be9a07953326e52fb32854-2&#8243; include=&#8221;1950,1951&#8243;][vc_empty_space][\/vc_column][\/vc_row]<\/p>","protected":false},"author":1,"featured_media":0,"parent":0,"menu_order":0,"comment_status":"closed","ping_status":"closed","template":"","meta":[],"_links":{"self":[{"href":"https:\/\/artanitim.com.tr\/en\/wp-json\/wp\/v2\/pages\/1604"}],"collection":[{"href":"https:\/\/artanitim.com.tr\/en\/wp-json\/wp\/v2\/pages"}],"about":[{"href":"https:\/\/artanitim.com.tr\/en\/wp-json\/wp\/v2\/types\/page"}],"author":[{"embeddable":true,"href":"https:\/\/artanitim.com.tr\/en\/wp-json\/wp\/v2\/users\/1"}],"replies":[{"embeddable":true,"href":"https:\/\/artanitim.com.tr\/en\/wp-json\/wp\/v2\/comments?post=1604"}],"version-history":[{"count":3,"href":"https:\/\/artanitim.com.tr\/en\/wp-json\/wp\/v2\/pages\/1604\/revisions"}],"predecessor-version":[{"id":2211,"href":"https:\/\/artanitim.com.tr\/en\/wp-json\/wp\/v2\/pages\/1604\/revisions\/2211"}],"wp:attachment":[{"href":"https:\/\/artanitim.com.tr\/en\/wp-json\/wp\/v2\/media?parent=1604"}],"curies":[{"name":"wp","href":"https:\/\/api.w.org\/{rel}","templated":true}]}}