{"id":1600,"date":"2020-06-19T10:19:33","date_gmt":"2020-06-19T10:19:33","guid":{"rendered":"http:\/\/artanitim.com.tr\/?page_id=1600"},"modified":"2020-08-18T10:38:16","modified_gmt":"2020-08-18T10:38:16","slug":"vakif-katilim","status":"publish","type":"page","link":"https:\/\/artanitim.com.tr\/en\/vakif-katilim\/","title":{"rendered":"Vak\u0131f Kat\u0131l\u0131m"},"content":{"rendered":"<p>[vc_row][vc_column]\n    <div class=\"wprt-headings style-1 clearfix text-center\">\n        <h1 class=\"heading\" >Vak\u0131f Kat\u0131l\u0131m Kurumsal Uygulamalar\u0131m\u0131z<\/h1>\n        \n            <\/div>\n        \n[\/vc_column][\/vc_row][vc_row][vc_column][vc_media_grid element_width=&#8221;2&#8243; grid_id=&#8221;vc_gid:1597747088714-05bc14d82be8c1ad92257e13aa9d299b-8&#8243; include=&#8221;2120,2115,2005&#8243;][vc_empty_space][\/vc_column][\/vc_row]<\/p>","protected":false},"excerpt":{"rendered":"<p>[vc_row][vc_column][\/vc_column][\/vc_row][vc_row][vc_column][vc_media_grid element_width=&#8221;2&#8243; grid_id=&#8221;vc_gid:1597747088714-05bc14d82be8c1ad92257e13aa9d299b-8&#8243; include=&#8221;2120,2115,2005&#8243;][vc_empty_space][\/vc_column][\/vc_row]<\/p>","protected":false},"author":1,"featured_media":0,"parent":0,"menu_order":0,"comment_status":"closed","ping_status":"closed","template":"","meta":[],"_links":{"self":[{"href":"https:\/\/artanitim.com.tr\/en\/wp-json\/wp\/v2\/pages\/1600"}],"collection":[{"href":"https:\/\/artanitim.com.tr\/en\/wp-json\/wp\/v2\/pages"}],"about":[{"href":"https:\/\/artanitim.com.tr\/en\/wp-json\/wp\/v2\/types\/page"}],"author":[{"embeddable":true,"href":"https:\/\/artanitim.com.tr\/en\/wp-json\/wp\/v2\/users\/1"}],"replies":[{"embeddable":true,"href":"https:\/\/artanitim.com.tr\/en\/wp-json\/wp\/v2\/comments?post=1600"}],"version-history":[{"count":5,"href":"https:\/\/artanitim.com.tr\/en\/wp-json\/wp\/v2\/pages\/1600\/revisions"}],"predecessor-version":[{"id":2341,"href":"https:\/\/artanitim.com.tr\/en\/wp-json\/wp\/v2\/pages\/1600\/revisions\/2341"}],"wp:attachment":[{"href":"https:\/\/artanitim.com.tr\/en\/wp-json\/wp\/v2\/media?parent=1600"}],"curies":[{"name":"wp","href":"https:\/\/api.w.org\/{rel}","templated":true}]}}