{"id":1050,"date":"2020-04-26T16:01:03","date_gmt":"2020-04-26T16:01:03","guid":{"rendered":"http:\/\/artanitim.com.tr\/?page_id=1050"},"modified":"2022-03-08T12:34:15","modified_gmt":"2022-03-08T12:34:15","slug":"neler-yapiyoruz","status":"publish","type":"page","link":"https:\/\/artanitim.com.tr\/en\/neler-yapiyoruz\/","title":{"rendered":"What We Do ?"},"content":{"rendered":"<p>[vc_row css=&#8221;.vc_custom_1533636501715{padding-top: 83px !important;padding-bottom: 104px !important;background-color: #f7f7f7 !important;}&#8221;][vc_column][vc_empty_space]\n    <div class=\"wprt-headings style-1 clearfix text-center\">\n        <h2 class=\"heading\" >OUR PRODUCTS<\/h2>\n                    <div class=\"sep clearfix\"><\/div>\n        \n            <\/div>\n        \n[vc_empty_space][vc_row_inner][vc_column_inner width=&#8221;1\/3&#8243;][vc_single_image image=&#8221;1038&#8243; img_size=&#8221;64&#215;64&#8243; alignment=&#8221;center&#8221; onclick=&#8221;custom_link&#8221; link=&#8221;http:\/\/artanitim.com.tr\/hizmetlerimiz\/akaryakit-istasyonlari\/&#8221;][vc_custom_heading text=&#8221;Akaryak\u0131t \u0130stasyonlar\u0131&#8221; font_container=&#8221;tag:h2|font_size:20px|text_align:center&#8221; use_theme_fonts=&#8221;yes&#8221;][\/vc_column_inner][vc_column_inner width=&#8221;1\/3&#8243;][vc_single_image image=&#8221;1104&#8243; img_size=&#8221;64&#215;64&#8243; alignment=&#8221;center&#8221; onclick=&#8221;custom_link&#8221; link=&#8221;http:\/\/artanitim.com.tr\/hizmetlerimiz\/cephe-panolari\/&#8221;][vc_custom_heading text=&#8221;Cephe Panolar\u0131&#8221; font_container=&#8221;tag:h2|font_size:20px|text_align:center&#8221; use_theme_fonts=&#8221;yes&#8221;][\/vc_column_inner][vc_column_inner width=&#8221;1\/3&#8243;][vc_single_image image=&#8221;1105&#8243; img_size=&#8221;64&#215;64&#8243; alignment=&#8221;center&#8221; onclick=&#8221;custom_link&#8221; link=&#8221;http:\/\/artanitim.com.tr\/hizmetlerimiz\/cati-panolari\/&#8221;][vc_custom_heading text=&#8221;\u00c7at\u0131 Panolar\u0131&#8221; font_container=&#8221;tag:h2|font_size:20px|text_align:center&#8221; use_theme_fonts=&#8221;yes&#8221;][\/vc_column_inner][\/vc_row_inner][vc_empty_space][vc_row_inner][vc_column_inner width=&#8221;1\/3&#8243;][vc_single_image image=&#8221;1040&#8243; img_size=&#8221;64&#215;64&#8243; alignment=&#8221;center&#8221; onclick=&#8221;custom_link&#8221; link=&#8221;http:\/\/artanitim.com.tr\/hizmetlerimiz\/totemler-yolpanolari\/&#8221;][vc_custom_heading text=&#8221;Totemler \/ High Rise&#8221; font_container=&#8221;tag:h2|font_size:20px|text_align:center&#8221; use_theme_fonts=&#8221;yes&#8221;][\/vc_column_inner][vc_column_inner width=&#8221;1\/3&#8243;][vc_single_image image=&#8221;1106&#8243; img_size=&#8221;64&#215;64&#8243; alignment=&#8221;center&#8221; onclick=&#8221;custom_link&#8221; link=&#8221;http:\/\/artanitim.com.tr\/hizmetlerimiz\/pylon-kaide\/&#8221;][vc_custom_heading text=&#8221;Pylon \/ Kaide&#8221; font_container=&#8221;tag:h2|font_size:20px|text_align:center&#8221; use_theme_fonts=&#8221;yes&#8221;][\/vc_column_inner][vc_column_inner width=&#8221;1\/3&#8243;][vc_single_image image=&#8221;1037&#8243; img_size=&#8221;64&#215;64&#8243; alignment=&#8221;center&#8221; onclick=&#8221;custom_link&#8221; link=&#8221;http:\/\/artanitim.com.tr\/hizmetlerimiz\/stand-urunleri\/&#8221;][vc_custom_heading text=&#8221;Stand \/ Display \u00dcr\u00fcnler&#8221; font_container=&#8221;tag:h2|font_size:20px|text_align:center&#8221; use_theme_fonts=&#8221;yes&#8221;][\/vc_column_inner][\/vc_row_inner][vc_empty_space][vc_row_inner][vc_column_inner width=&#8221;1\/3&#8243;][vc_single_image image=&#8221;1107&#8243; img_size=&#8221;64&#215;64&#8243; alignment=&#8221;center&#8221; onclick=&#8221;custom_link&#8221; link=&#8221;https:\/\/artanitim.com.tr\/hizmetlerimiz\/mimari-ic-yonlendirmeler\/ &#8220;][vc_custom_heading text=&#8221;Mimari \/ Tabela Y\u00f6nlendirmeler&#8221; font_container=&#8221;tag:h2|font_size:20px|text_align:center&#8221; use_theme_fonts=&#8221;yes&#8221;][\/vc_column_inner][vc_column_inner width=&#8221;1\/3&#8243;][vc_single_image image=&#8221;2139&#8243; img_size=&#8221;64&#215;64&#8243; alignment=&#8221;center&#8221; onclick=&#8221;custom_link&#8221; link=&#8221;http:\/\/artanitim.com.tr\/hizmetlerimiz\/arac-reklam-giydirme\/&#8221;][vc_custom_heading text=&#8221;Ara\u00e7 Reklam Giydirme&#8221; font_container=&#8221;tag:h2|font_size:20px|text_align:center&#8221; use_theme_fonts=&#8221;yes&#8221;][\/vc_column_inner][vc_column_inner width=&#8221;1\/3&#8243;][vc_single_image image=&#8221;1036&#8243; img_size=&#8221;64&#215;64&#8243; alignment=&#8221;center&#8221; onclick=&#8221;custom_link&#8221; link=&#8221;http:\/\/artanitim.com.tr\/hizmetlerimiz\/dijital-baski\/&#8221;][vc_custom_heading text=&#8221;Dijital Bask\u0131&#8221; font_container=&#8221;tag:h2|font_size:20px|text_align:center&#8221; use_theme_fonts=&#8221;yes&#8221;][\/vc_column_inner][\/vc_row_inner][\/vc_column][\/vc_row][vc_row][vc_column][vc_empty_space][\/vc_column][\/vc_row]<\/p>","protected":false},"excerpt":{"rendered":"<p>[vc_row css=&#8221;.vc_custom_1533636501715{padding-top: 83px !important;padding-bottom: 104px !important;background-color: #f7f7f7 !important;}&#8221;][vc_column][vc_empty_space][vc_empty_space][vc_row_inner][vc_column_inner width=&#8221;1\/3&#8243;][vc_single_image image=&#8221;1038&#8243; img_size=&#8221;64&#215;64&#8243; alignment=&#8221;center&#8221; onclick=&#8221;custom_link&#8221; link=&#8221;http:\/\/artanitim.com.tr\/hizmetlerimiz\/akaryakit-istasyonlari\/&#8221;][vc_custom_heading text=&#8221;Akaryak\u0131t \u0130stasyonlar\u0131&#8221; font_container=&#8221;tag:h2|font_size:20px|text_align:center&#8221; use_theme_fonts=&#8221;yes&#8221;][\/vc_column_inner][vc_column_inner width=&#8221;1\/3&#8243;][vc_single_image image=&#8221;1104&#8243; img_size=&#8221;64&#215;64&#8243; alignment=&#8221;center&#8221; onclick=&#8221;custom_link&#8221; link=&#8221;http:\/\/artanitim.com.tr\/hizmetlerimiz\/cephe-panolari\/&#8221;][vc_custom_heading text=&#8221;Cephe Panolar\u0131&#8221; font_container=&#8221;tag:h2|font_size:20px|text_align:center&#8221; use_theme_fonts=&#8221;yes&#8221;][\/vc_column_inner][vc_column_inner width=&#8221;1\/3&#8243;][vc_single_image image=&#8221;1105&#8243; img_size=&#8221;64&#215;64&#8243; alignment=&#8221;center&#8221; onclick=&#8221;custom_link&#8221; link=&#8221;http:\/\/artanitim.com.tr\/hizmetlerimiz\/cati-panolari\/&#8221;][vc_custom_heading text=&#8221;\u00c7at\u0131 Panolar\u0131&#8221; font_container=&#8221;tag:h2|font_size:20px|text_align:center&#8221; use_theme_fonts=&#8221;yes&#8221;][\/vc_column_inner][\/vc_row_inner][vc_empty_space][vc_row_inner][vc_column_inner width=&#8221;1\/3&#8243;][vc_single_image image=&#8221;1040&#8243; img_size=&#8221;64&#215;64&#8243; alignment=&#8221;center&#8221; onclick=&#8221;custom_link&#8221; link=&#8221;http:\/\/artanitim.com.tr\/hizmetlerimiz\/totemler-yolpanolari\/&#8221;][vc_custom_heading text=&#8221;Totemler \/ High Rise&#8221; font_container=&#8221;tag:h2|font_size:20px|text_align:center&#8221; use_theme_fonts=&#8221;yes&#8221;][\/vc_column_inner][vc_column_inner width=&#8221;1\/3&#8243;][vc_single_image image=&#8221;1106&#8243; img_size=&#8221;64&#215;64&#8243; alignment=&#8221;center&#8221; onclick=&#8221;custom_link&#8221; [&hellip;]<\/p>","protected":false},"author":1,"featured_media":0,"parent":0,"menu_order":0,"comment_status":"closed","ping_status":"closed","template":"page-templates\/template-fullwidth.php","meta":[],"_links":{"self":[{"href":"https:\/\/artanitim.com.tr\/en\/wp-json\/wp\/v2\/pages\/1050"}],"collection":[{"href":"https:\/\/artanitim.com.tr\/en\/wp-json\/wp\/v2\/pages"}],"about":[{"href":"https:\/\/artanitim.com.tr\/en\/wp-json\/wp\/v2\/types\/page"}],"author":[{"embeddable":true,"href":"https:\/\/artanitim.com.tr\/en\/wp-json\/wp\/v2\/users\/1"}],"replies":[{"embeddable":true,"href":"https:\/\/artanitim.com.tr\/en\/wp-json\/wp\/v2\/comments?post=1050"}],"version-history":[{"count":4,"href":"https:\/\/artanitim.com.tr\/en\/wp-json\/wp\/v2\/pages\/1050\/revisions"}],"predecessor-version":[{"id":2426,"href":"https:\/\/artanitim.com.tr\/en\/wp-json\/wp\/v2\/pages\/1050\/revisions\/2426"}],"wp:attachment":[{"href":"https:\/\/artanitim.com.tr\/en\/wp-json\/wp\/v2\/media?parent=1050"}],"curies":[{"name":"wp","href":"https:\/\/api.w.org\/{rel}","templated":true}]}}